{"id":2370,"date":"2024-11-24T15:28:22","date_gmt":"2024-11-24T20:28:22","guid":{"rendered":"https:\/\/hooterscancun.com\/facturacion\/"},"modified":"2024-11-27T13:00:14","modified_gmt":"2024-11-27T18:00:14","slug":"facturacion","status":"publish","type":"page","link":"https:\/\/hooterscancun.com\/es\/facturacion\/","title":{"rendered":"Facturaci\u00f3n"},"content":{"rendered":"\t\t<div data-elementor-type=\"wp-page\" data-elementor-id=\"2370\" class=\"elementor elementor-2370 elementor-2362\" data-elementor-post-type=\"page\">\n\t\t\t\t<div class=\"elementor-element elementor-element-a4479b2 e-flex e-con-boxed e-con e-parent\" data-id=\"a4479b2\" data-element_type=\"container\" data-e-type=\"container\" data-settings=\"{&quot;background_background&quot;:&quot;classic&quot;}\">\n\t\t\t\t\t<div class=\"e-con-inner\">\n\t\t\t\t<div class=\"elementor-element elementor-element-4af6758 elementor-widget elementor-widget-heading\" data-id=\"4af6758\" data-element_type=\"widget\" data-e-type=\"widget\" data-widget_type=\"heading.default\">\n\t\t\t\t\t<h1 class=\"elementor-heading-title elementor-size-default\">Facturaci\u00f3n<\/h1>\t\t\t\t<\/div>\n\t\t\t\t\t<\/div>\n\t\t\t\t<\/div>\n\t\t<div class=\"elementor-element elementor-element-18126a0 e-flex e-con-boxed e-con e-parent\" data-id=\"18126a0\" data-element_type=\"container\" data-e-type=\"container\" data-settings=\"{&quot;background_background&quot;:&quot;classic&quot;}\">\n\t\t\t\t\t<div class=\"e-con-inner\">\n\t\t\t\t<div class=\"elementor-element elementor-element-71d3fa0 elementor-widget elementor-widget-text-editor\" data-id=\"71d3fa0\" data-element_type=\"widget\" data-e-type=\"widget\" data-widget_type=\"text-editor.default\">\n\t\t\t\t\t\t\t\t\t<h2 style=\"text-align: center;\">\u00bfRequiere factura?<\/h2>\n<\/p>\n<ol>\n<li><span lang=\"en-US\"><strong>Tome una foto<\/strong> <strong>de su ticket de compra<\/strong> y envielo a nuestro WhatsApp <a href=\"https:\/\/wa.link\/45xdsh\" target=\"_blank\" rel=\"noopener noreferrer nofollow\">+52 998 883 0666<\/a> o a nuestro email facturacion@hooterscancun.com<\/span><\/li>\n<li><span lang=\"en-US\">M\u00e1ndenos los siguientes datos:<\/span>\n<ol>\n<li>Forma de pago<\/li>\n<li>Email<\/li>\n<li>Constancia de Situaci\u00f3n Fiscal<\/li>\n<li>CFDI<\/li>\n<\/ol>\n<\/li>\n<li><span lang=\"en-US\">Recibir\u00e1 un mensaje de confirmaci\u00f3n<\/span><\/li>\n<li><span lang=\"en-US\">Le mandaremos su factura en menos de 24 hrs.<\/span><\/li>\n<\/ol>\n<hr>\n<p style=\"text-align: center;\"><strong>\u00a1Gracias por su preferencia!<\/strong><\/p>\n\t\t\t\t\t\t\t\t<\/div>\n\t\t\t\t\t<\/div>\n\t\t\t\t<\/div>\n\t\t\t\t<\/div>\n\t\t","protected":false},"excerpt":{"rendered":"<p>Facturaci\u00f3n \u00bfRequiere factura? Tome una foto de su ticket de compra y envielo a nuestro WhatsApp +52 998 883 0666 o a nuestro email facturacion@hooterscancun.com M\u00e1ndenos los siguientes datos: Forma de pago Email Constancia de Situaci\u00f3n Fiscal CFDI Recibir\u00e1 un mensaje de confirmaci\u00f3n Le mandaremos su factura en menos de 24 hrs. \u00a1Gracias por su [&hellip;]<\/p>\n","protected":false},"author":2,"featured_media":0,"parent":0,"menu_order":0,"comment_status":"closed","ping_status":"closed","template":"elementor_header_footer","meta":{"footnotes":""},"class_list":["post-2370","page","type-page","status-publish","hentry"],"aioseo_notices":[],"_links":{"self":[{"href":"https:\/\/hooterscancun.com\/es\/wp-json\/wp\/v2\/pages\/2370","targetHints":{"allow":["GET"]}}],"collection":[{"href":"https:\/\/hooterscancun.com\/es\/wp-json\/wp\/v2\/pages"}],"about":[{"href":"https:\/\/hooterscancun.com\/es\/wp-json\/wp\/v2\/types\/page"}],"author":[{"embeddable":true,"href":"https:\/\/hooterscancun.com\/es\/wp-json\/wp\/v2\/users\/2"}],"replies":[{"embeddable":true,"href":"https:\/\/hooterscancun.com\/es\/wp-json\/wp\/v2\/comments?post=2370"}],"version-history":[{"count":1,"href":"https:\/\/hooterscancun.com\/es\/wp-json\/wp\/v2\/pages\/2370\/revisions"}],"predecessor-version":[{"id":2371,"href":"https:\/\/hooterscancun.com\/es\/wp-json\/wp\/v2\/pages\/2370\/revisions\/2371"}],"wp:attachment":[{"href":"https:\/\/hooterscancun.com\/es\/wp-json\/wp\/v2\/media?parent=2370"}],"curies":[{"name":"wp","href":"https:\/\/api.w.org\/{rel}","templated":true}]}}