{"id":2074,"date":"2024-10-02T22:00:05","date_gmt":"2024-10-03T03:00:05","guid":{"rendered":"https:\/\/hooterscancun.com\/menu\/ensaladas\/"},"modified":"2025-10-23T14:41:54","modified_gmt":"2025-10-23T19:41:54","slug":"ensaladas","status":"publish","type":"page","link":"https:\/\/hooterscancun.com\/es\/menu\/ensaladas\/","title":{"rendered":"Ensaladas"},"content":{"rendered":"\t\t<div data-elementor-type=\"wp-page\" data-elementor-id=\"2074\" class=\"elementor elementor-2074 elementor-700\" data-elementor-post-type=\"page\">\n\t\t\t\t<div class=\"elementor-element elementor-element-ea45abc e-flex e-con-boxed e-con e-parent\" data-id=\"ea45abc\" data-element_type=\"container\" data-e-type=\"container\" data-settings=\"{&quot;background_background&quot;:&quot;video&quot;,&quot;background_video_link&quot;:&quot;https:\\\/\\\/youtu.be\\\/O8lkAYgPPaI&quot;,&quot;background_video_end&quot;:0,&quot;background_play_on_mobile&quot;:&quot;yes&quot;}\">\n\t\t\t\t\t<div class=\"e-con-inner\">\n\t\t<div class=\"elementor-background-video-container\">\n\t\t\t\t\t\t\t<div class=\"elementor-background-video-embed\" role=\"presentation\"><\/div>\n\t\t\t\t\t\t<\/div>\t\t<div class=\"elementor-element elementor-element-027a326 elementor-widget elementor-widget-heading\" data-id=\"027a326\" data-element_type=\"widget\" data-e-type=\"widget\" data-settings=\"{&quot;motion_fx_motion_fx_scrolling&quot;:&quot;yes&quot;,&quot;motion_fx_translateY_effect&quot;:&quot;yes&quot;,&quot;motion_fx_translateY_direction&quot;:&quot;negative&quot;,&quot;motion_fx_translateY_speed&quot;:{&quot;unit&quot;:&quot;px&quot;,&quot;size&quot;:1,&quot;sizes&quot;:[]},&quot;motion_fx_translateY_affectedRange&quot;:{&quot;unit&quot;:&quot;%&quot;,&quot;size&quot;:&quot;&quot;,&quot;sizes&quot;:{&quot;start&quot;:20,&quot;end&quot;:85}},&quot;motion_fx_opacity_effect&quot;:&quot;yes&quot;,&quot;motion_fx_opacity_direction&quot;:&quot;in-out&quot;,&quot;motion_fx_opacity_level&quot;:{&quot;unit&quot;:&quot;px&quot;,&quot;size&quot;:7,&quot;sizes&quot;:[]},&quot;motion_fx_opacity_range&quot;:{&quot;unit&quot;:&quot;%&quot;,&quot;size&quot;:&quot;&quot;,&quot;sizes&quot;:{&quot;start&quot;:64,&quot;end&quot;:94}},&quot;motion_fx_blur_effect&quot;:&quot;yes&quot;,&quot;motion_fx_blur_direction&quot;:&quot;in-out&quot;,&quot;motion_fx_blur_range&quot;:{&quot;unit&quot;:&quot;%&quot;,&quot;size&quot;:&quot;&quot;,&quot;sizes&quot;:{&quot;start&quot;:68,&quot;end&quot;:92}},&quot;motion_fx_blur_level&quot;:{&quot;unit&quot;:&quot;px&quot;,&quot;size&quot;:7,&quot;sizes&quot;:[]},&quot;motion_fx_devices&quot;:[&quot;desktop&quot;,&quot;tablet&quot;,&quot;mobile&quot;]}\" data-widget_type=\"heading.default\">\n\t\t\t\t\t<h1 class=\"elementor-heading-title elementor-size-default\">Ensaladas<\/h1>\t\t\t\t<\/div>\n\t\t\t\t\t<\/div>\n\t\t\t\t<\/div>\n\t\t<div class=\"elementor-element elementor-element-c5f94ea e-grid e-con-boxed e-con e-parent\" data-id=\"c5f94ea\" data-element_type=\"container\" data-e-type=\"container\">\n\t\t\t\t\t<div class=\"e-con-inner\">\n\t\t<div class=\"elementor-element elementor-element-3e7087c e-con-full e-flex e-con e-child\" data-id=\"3e7087c\" data-element_type=\"container\" data-e-type=\"container\">\n\t\t\t\t<div class=\"elementor-element elementor-element-aa0d8e7 elementor-widget elementor-widget-image\" data-id=\"aa0d8e7\" data-element_type=\"widget\" data-e-type=\"widget\" data-widget_type=\"image.default\">\n\t\t\t\t\t\t\t\t\t\t\t\t\t\t\t<img fetchpriority=\"high\" decoding=\"async\" width=\"500\" height=\"500\" src=\"https:\/\/hooterscancun.com\/wp-content\/uploads\/2024\/10\/ENSALADAS_GARDEN-SALAD_500X500.webp\" class=\"attachment-full size-full wp-image-1077\" alt=\"\" srcset=\"https:\/\/hooterscancun.com\/wp-content\/uploads\/2024\/10\/ENSALADAS_GARDEN-SALAD_500X500.webp 500w, https:\/\/hooterscancun.com\/wp-content\/uploads\/2024\/10\/ENSALADAS_GARDEN-SALAD_500X500-300x300.webp 300w, https:\/\/hooterscancun.com\/wp-content\/uploads\/2024\/10\/ENSALADAS_GARDEN-SALAD_500X500-150x150.webp 150w\" sizes=\"(max-width: 500px) 100vw, 500px\" \/>\t\t\t\t\t\t\t\t\t\t\t\t\t\t\t<\/div>\n\t\t\t\t<div class=\"elementor-element elementor-element-73fd48c elementor-widget elementor-widget-heading\" data-id=\"73fd48c\" data-element_type=\"widget\" data-e-type=\"widget\" data-widget_type=\"heading.default\">\n\t\t\t\t\t<h3 class=\"elementor-heading-title elementor-size-default\">GRILLED CHICKEN GARDEN SALAD<\/h3>\t\t\t\t<\/div>\n\t\t\t\t<div class=\"elementor-element elementor-element-ca848c3 elementor-widget elementor-widget-text-editor\" data-id=\"ca848c3\" data-element_type=\"widget\" data-e-type=\"widget\" data-widget_type=\"text-editor.default\">\n\t\t\t\t\t\t\t\t\t<h3><strong><b>$279<\/b><\/strong><\/h3>\n<p><span style=\"font-weight: 400;\">(225 g.) <\/span>Fresca mezcla de lechugas con pollo, jitomate, pepino, queso cheddar, queso monterey jack, crutones y aderezo a elecci\u00f3n. <\/p>\n<p><strong>Garden Salad (sin pollo) $199<\/strong><\/p>\n<p><strong>Side Garden Salad (1\/2 porci\u00f3n sin pollo) $149<\/strong><\/p>\n\t\t\t\t\t\t\t\t<\/div>\n\t\t\t\t<\/div>\n\t\t<div class=\"elementor-element elementor-element-8033330 e-con-full e-flex e-con e-child\" data-id=\"8033330\" data-element_type=\"container\" data-e-type=\"container\">\n\t\t\t\t<div class=\"elementor-element elementor-element-2c770a8 elementor-widget elementor-widget-image\" data-id=\"2c770a8\" data-element_type=\"widget\" data-e-type=\"widget\" data-widget_type=\"image.default\">\n\t\t\t\t\t\t\t\t\t\t\t\t\t\t\t<img decoding=\"async\" width=\"500\" height=\"500\" src=\"https:\/\/hooterscancun.com\/wp-content\/uploads\/2024\/10\/ENSALADAS_CESAR-SALAD_500X500.webp\" class=\"attachment-large size-large wp-image-1076\" alt=\"Ensalada C\u00e9sar - Hooters Canc\u00fan\" srcset=\"https:\/\/hooterscancun.com\/wp-content\/uploads\/2024\/10\/ENSALADAS_CESAR-SALAD_500X500.webp 500w, https:\/\/hooterscancun.com\/wp-content\/uploads\/2024\/10\/ENSALADAS_CESAR-SALAD_500X500-300x300.webp 300w, https:\/\/hooterscancun.com\/wp-content\/uploads\/2024\/10\/ENSALADAS_CESAR-SALAD_500X500-150x150.webp 150w\" sizes=\"(max-width: 500px) 100vw, 500px\" \/>\t\t\t\t\t\t\t\t\t\t\t\t\t\t\t<\/div>\n\t\t\t\t<div class=\"elementor-element elementor-element-fc6a08a elementor-widget elementor-widget-heading\" data-id=\"fc6a08a\" data-element_type=\"widget\" data-e-type=\"widget\" data-widget_type=\"heading.default\">\n\t\t\t\t\t<h3 class=\"elementor-heading-title elementor-size-default\">GRILLED CHICKEN CAESAR SALAD<\/h3>\t\t\t\t<\/div>\n\t\t\t\t<div class=\"elementor-element elementor-element-14952e8 elementor-widget elementor-widget-text-editor\" data-id=\"14952e8\" data-element_type=\"widget\" data-e-type=\"widget\" data-widget_type=\"text-editor.default\">\n\t\t\t\t\t\t\t\t\t<h3><strong><b>$279<\/b><\/strong><\/h3>\n<p><span style=\"font-weight: 400;\">(225 g.) <\/span>Fresca lechuga orejona con queso parmesano rallado, crutones y pollo. <\/p>\n<\/p>\n<p><strong>Caesar Salad (sin pollo) $199<\/strong><\/p>\n<p><strong>Side Caesar Salad (1\/2 porci\u00f3n sin pollo) $149<\/strong><\/p>\n\t\t\t\t\t\t\t\t<\/div>\n\t\t\t\t<\/div>\n\t\t<div class=\"elementor-element elementor-element-0ce6378 e-con-full e-flex e-con e-child\" data-id=\"0ce6378\" data-element_type=\"container\" data-e-type=\"container\">\n\t\t\t\t<div class=\"elementor-element elementor-element-7666386 elementor-widget elementor-widget-image\" data-id=\"7666386\" data-element_type=\"widget\" data-e-type=\"widget\" data-widget_type=\"image.default\">\n\t\t\t\t\t\t\t\t\t\t\t\t\t\t\t<img decoding=\"async\" width=\"500\" height=\"500\" src=\"https:\/\/hooterscancun.com\/wp-content\/uploads\/2024\/10\/BUFFALO-CHICKEN-SALAD_buena2.jpg\" class=\"attachment-large size-large wp-image-1276\" alt=\"Buffalo chicken salad - Hooters Cancun\" srcset=\"https:\/\/hooterscancun.com\/wp-content\/uploads\/2024\/10\/BUFFALO-CHICKEN-SALAD_buena2.jpg 500w, https:\/\/hooterscancun.com\/wp-content\/uploads\/2024\/10\/BUFFALO-CHICKEN-SALAD_buena2-300x300.jpg 300w, https:\/\/hooterscancun.com\/wp-content\/uploads\/2024\/10\/BUFFALO-CHICKEN-SALAD_buena2-150x150.jpg 150w\" sizes=\"(max-width: 500px) 100vw, 500px\" \/>\t\t\t\t\t\t\t\t\t\t\t\t\t\t\t<\/div>\n\t\t\t\t<div class=\"elementor-element elementor-element-dfbd7b4 elementor-widget elementor-widget-heading\" data-id=\"dfbd7b4\" data-element_type=\"widget\" data-e-type=\"widget\" data-widget_type=\"heading.default\">\n\t\t\t\t\t<h3 class=\"elementor-heading-title elementor-size-default\">ORIGINAL BUFFALO CHICKEN SALAD<\/h3>\t\t\t\t<\/div>\n\t\t\t\t<div class=\"elementor-element elementor-element-461a71d elementor-widget elementor-widget-text-editor\" data-id=\"461a71d\" data-element_type=\"widget\" data-e-type=\"widget\" data-widget_type=\"text-editor.default\">\n\t\t\t\t\t\t\t\t\t<h3><b>$289<\/b><\/h3>\n<p><span style=\"font-weight: 400;\">(184 g.) <\/span>Fresca mezcla de lechugas con pollo empanizado, cubierto con tu salsa wings preferida. Servida con aderezo ranch, jitomate, trozos de queso bleu cheese, cebolla y cilantro fresco. <\/p>\n\t\t\t\t\t\t\t\t<\/div>\n\t\t\t\t<\/div>\n\t\t<div class=\"elementor-element elementor-element-e8c2c36 e-con-full e-flex e-con e-child\" data-id=\"e8c2c36\" data-element_type=\"container\" data-e-type=\"container\">\n\t\t\t\t<div class=\"elementor-element elementor-element-25577ec elementor-widget elementor-widget-image\" data-id=\"25577ec\" data-element_type=\"widget\" data-e-type=\"widget\" data-widget_type=\"image.default\">\n\t\t\t\t\t\t\t\t\t\t\t\t\t\t\t<img loading=\"lazy\" decoding=\"async\" width=\"500\" height=\"500\" src=\"https:\/\/hooterscancun.com\/wp-content\/uploads\/2024\/10\/ENSALADAS_SMOKED-_SALADD_500X500.webp\" class=\"attachment-large size-large wp-image-1078\" alt=\"Ensalada Smoked - Hooters Canc\u00fan\" srcset=\"https:\/\/hooterscancun.com\/wp-content\/uploads\/2024\/10\/ENSALADAS_SMOKED-_SALADD_500X500.webp 500w, https:\/\/hooterscancun.com\/wp-content\/uploads\/2024\/10\/ENSALADAS_SMOKED-_SALADD_500X500-300x300.webp 300w, https:\/\/hooterscancun.com\/wp-content\/uploads\/2024\/10\/ENSALADAS_SMOKED-_SALADD_500X500-150x150.webp 150w\" sizes=\"(max-width: 500px) 100vw, 500px\" \/>\t\t\t\t\t\t\t\t\t\t\t\t\t\t\t<\/div>\n\t\t\t\t<div class=\"elementor-element elementor-element-485c9b0 elementor-widget elementor-widget-heading\" data-id=\"485c9b0\" data-element_type=\"widget\" data-e-type=\"widget\" data-widget_type=\"heading.default\">\n\t\t\t\t\t<h3 class=\"elementor-heading-title elementor-size-default\">SMOKED SALAD<\/h3>\t\t\t\t<\/div>\n\t\t\t\t<div class=\"elementor-element elementor-element-93a56df elementor-position-left elementor-vertical-align-middle elementor-widget elementor-widget-image-box\" data-id=\"93a56df\" data-element_type=\"widget\" data-e-type=\"widget\" data-widget_type=\"image-box.default\">\n\t\t\t\t\t<div class=\"elementor-image-box-wrapper\"><figure class=\"elementor-image-box-img\"><img loading=\"lazy\" decoding=\"async\" width=\"50\" height=\"50\" src=\"https:\/\/hooterscancun.com\/wp-content\/uploads\/2024\/11\/flamita-ahumado-50x50-1.png\" class=\"attachment-full size-full wp-image-1581\" alt=\"\" \/><\/figure><div class=\"elementor-image-box-content\"><p class=\"elementor-image-box-title\">Ahumado en Casa<\/p><\/div><\/div>\t\t\t\t<\/div>\n\t\t\t\t<div class=\"elementor-element elementor-element-813f73d elementor-widget elementor-widget-text-editor\" data-id=\"813f73d\" data-element_type=\"widget\" data-e-type=\"widget\" data-widget_type=\"text-editor.default\">\n\t\t\t\t\t\t\t\t\t<h3><b>$399<\/b><\/h3>\n<p><span style=\"font-weight: 400;\">(198 g.) <\/span>\u00a1Comer saludable tambi\u00e9n puede ser delicioso! Filete de Salm\u00f3n ahumado en casa sobre una mezcla de lechugas, jitomate y pepino con aderezo miel y mostaza.  <\/p>\n\t\t\t\t\t\t\t\t<\/div>\n\t\t\t\t<\/div>\n\t\t\t\t\t<\/div>\n\t\t\t\t<\/div>\n\t\t<div class=\"elementor-element elementor-element-73fd10a e-flex e-con-boxed e-con e-parent\" data-id=\"73fd10a\" data-element_type=\"container\" data-e-type=\"container\">\n\t\t\t\t\t<div class=\"e-con-inner\">\n\t\t\t\t<div class=\"elementor-element elementor-element-79c2ab4 elementor-widget__width-inherit elementor-widget elementor-widget-heading\" data-id=\"79c2ab4\" data-element_type=\"widget\" data-e-type=\"widget\" data-widget_type=\"heading.default\">\n\t\t\t\t\t<h2 class=\"elementor-heading-title elementor-size-default\">Aderezos<\/h2>\t\t\t\t<\/div>\n\t\t<div class=\"elementor-element elementor-element-f7caddf e-grid e-con-boxed e-con e-child\" data-id=\"f7caddf\" data-element_type=\"container\" data-e-type=\"container\">\n\t\t\t\t\t<div class=\"e-con-inner\">\n\t\t\t\t<div class=\"elementor-element elementor-element-131fcf3 elementor-widget elementor-widget-image-box\" data-id=\"131fcf3\" data-element_type=\"widget\" data-e-type=\"widget\" data-widget_type=\"image-box.default\">\n\t\t\t\t\t<div class=\"elementor-image-box-wrapper\"><div class=\"elementor-image-box-content\"><h3 class=\"elementor-image-box-title\">CAESAR<\/h3><\/div><\/div>\t\t\t\t<\/div>\n\t\t\t\t<div class=\"elementor-element elementor-element-e020434 elementor-widget elementor-widget-image-box\" data-id=\"e020434\" data-element_type=\"widget\" data-e-type=\"widget\" data-widget_type=\"image-box.default\">\n\t\t\t\t\t<div class=\"elementor-image-box-wrapper\"><div class=\"elementor-image-box-content\"><h3 class=\"elementor-image-box-title\">RANCH<\/h3><\/div><\/div>\t\t\t\t<\/div>\n\t\t\t\t<div class=\"elementor-element elementor-element-2b6d65c elementor-widget elementor-widget-image-box\" data-id=\"2b6d65c\" data-element_type=\"widget\" data-e-type=\"widget\" data-widget_type=\"image-box.default\">\n\t\t\t\t\t<div class=\"elementor-image-box-wrapper\"><div class=\"elementor-image-box-content\"><h3 class=\"elementor-image-box-title\">BLEU CHEESE<\/h3><\/div><\/div>\t\t\t\t<\/div>\n\t\t\t\t<div class=\"elementor-element elementor-element-31477e0 elementor-widget elementor-widget-image-box\" data-id=\"31477e0\" data-element_type=\"widget\" data-e-type=\"widget\" data-widget_type=\"image-box.default\">\n\t\t\t\t\t<div class=\"elementor-image-box-wrapper\"><div class=\"elementor-image-box-content\"><h3 class=\"elementor-image-box-title\">Italian Cremoso<\/h3><\/div><\/div>\t\t\t\t<\/div>\n\t\t\t\t<div class=\"elementor-element elementor-element-a2e023c elementor-widget elementor-widget-image-box\" data-id=\"a2e023c\" data-element_type=\"widget\" data-e-type=\"widget\" data-widget_type=\"image-box.default\">\n\t\t\t\t\t<div class=\"elementor-image-box-wrapper\"><div class=\"elementor-image-box-content\"><h3 class=\"elementor-image-box-title\">Honey Mustard<\/h3><\/div><\/div>\t\t\t\t<\/div>\n\t\t\t\t<div class=\"elementor-element elementor-element-224a300 elementor-widget elementor-widget-image-box\" data-id=\"224a300\" data-element_type=\"widget\" data-e-type=\"widget\" data-widget_type=\"image-box.default\">\n\t\t\t\t\t<div class=\"elementor-image-box-wrapper\"><div class=\"elementor-image-box-content\"><h3 class=\"elementor-image-box-title\">Vinagreta de Lim\u00f3n <\/h3><\/div><\/div>\t\t\t\t<\/div>\n\t\t\t\t\t<\/div>\n\t\t\t\t<\/div>\n\t\t\t\t<div class=\"elementor-element elementor-element-3727f71 elementor-widget elementor-widget-image-box\" data-id=\"3727f71\" data-element_type=\"widget\" data-e-type=\"widget\" data-widget_type=\"image-box.default\">\n\t\t\t\t\t<div class=\"elementor-image-box-wrapper\"><div class=\"elementor-image-box-content\"><p class=\"elementor-image-box-title\">Aderezo extra <\/p><p class=\"elementor-image-box-description\">+$32<\/p><\/div><\/div>\t\t\t\t<\/div>\n\t\t\t\t<div class=\"elementor-element elementor-element-d417567 elementor-widget elementor-widget-text-editor\" data-id=\"d417567\" data-element_type=\"widget\" data-e-type=\"widget\" data-widget_type=\"text-editor.default\">\n\t\t\t\t\t\t\t\t\t<p>*Los pesos de las prote\u00edna son antes de cocci\u00f3n, los cuales pueden variar seg\u00fan el tiempo termino de su elecci\u00f3n. Nuestras hamburguesas y carnes pueden ser cocinados a su elecci\u00f3n, las carnes crudas o poco cocidas, como el cerdo, pescado, mariscos o huevos frescos pueden aumentar el riesgo de enfermedad causada por alimentos, sobretodo si usted tiene ciertas condiciones medicas. <\/p>\n\t\t\t\t\t\t\t\t<\/div>\n\t\t\t\t<div class=\"elementor-element elementor-element-2faab98 elementor-align-center elementor-invisible elementor-widget elementor-widget-button\" data-id=\"2faab98\" data-element_type=\"widget\" data-e-type=\"widget\" data-settings=\"{&quot;_animation&quot;:&quot;bounceIn&quot;}\" data-widget_type=\"button.default\">\n\t\t\t\t\t\t\t\t\t\t<a class=\"elementor-button elementor-button-link elementor-size-sm\" href=\"https:\/\/hooterscancun.com\/es\/menu\/\">\n\t\t\t\t\t\t<span class=\"elementor-button-content-wrapper\">\n\t\t\t\t\t\t\t\t\t<span class=\"elementor-button-text\">Regresar al Men\u00fa<\/span>\n\t\t\t\t\t<\/span>\n\t\t\t\t\t<\/a>\n\t\t\t\t\t\t\t\t<\/div>\n\t\t\t\t\t<\/div>\n\t\t\t\t<\/div>\n\t\t\t\t<\/div>\n\t\t","protected":false},"excerpt":{"rendered":"<p>Ensaladas GRILLED CHICKEN GARDEN SALAD $279 (225 g.) Fresca mezcla de lechugas con pollo, jitomate, pepino, queso cheddar, queso monterey jack, crutones y aderezo a elecci\u00f3n. Garden Salad (sin pollo) $199 Side Garden Salad (1\/2 porci\u00f3n sin pollo) $149 GRILLED CHICKEN CAESAR SALAD $279 (225 g.) Fresca lechuga orejona con queso parmesano rallado, crutones y [&hellip;]<\/p>\n","protected":false},"author":1,"featured_media":0,"parent":2036,"menu_order":0,"comment_status":"closed","ping_status":"closed","template":"elementor_header_footer","meta":{"footnotes":""},"class_list":["post-2074","page","type-page","status-publish","hentry"],"aioseo_notices":[],"_links":{"self":[{"href":"https:\/\/hooterscancun.com\/es\/wp-json\/wp\/v2\/pages\/2074","targetHints":{"allow":["GET"]}}],"collection":[{"href":"https:\/\/hooterscancun.com\/es\/wp-json\/wp\/v2\/pages"}],"about":[{"href":"https:\/\/hooterscancun.com\/es\/wp-json\/wp\/v2\/types\/page"}],"author":[{"embeddable":true,"href":"https:\/\/hooterscancun.com\/es\/wp-json\/wp\/v2\/users\/1"}],"replies":[{"embeddable":true,"href":"https:\/\/hooterscancun.com\/es\/wp-json\/wp\/v2\/comments?post=2074"}],"version-history":[{"count":4,"href":"https:\/\/hooterscancun.com\/es\/wp-json\/wp\/v2\/pages\/2074\/revisions"}],"predecessor-version":[{"id":3195,"href":"https:\/\/hooterscancun.com\/es\/wp-json\/wp\/v2\/pages\/2074\/revisions\/3195"}],"up":[{"embeddable":true,"href":"https:\/\/hooterscancun.com\/es\/wp-json\/wp\/v2\/pages\/2036"}],"wp:attachment":[{"href":"https:\/\/hooterscancun.com\/es\/wp-json\/wp\/v2\/media?parent=2074"}],"curies":[{"name":"wp","href":"https:\/\/api.w.org\/{rel}","templated":true}]}}