{"id":2072,"date":"2024-10-02T22:19:35","date_gmt":"2024-10-03T03:19:35","guid":{"rendered":"https:\/\/hooterscancun.com\/menu\/pastas\/"},"modified":"2025-10-23T14:01:03","modified_gmt":"2025-10-23T19:01:03","slug":"pastas","status":"publish","type":"page","link":"https:\/\/hooterscancun.com\/es\/menu\/pastas\/","title":{"rendered":"Pastas"},"content":{"rendered":"\t\t<div data-elementor-type=\"wp-page\" data-elementor-id=\"2072\" class=\"elementor elementor-2072 elementor-723\" data-elementor-post-type=\"page\">\n\t\t\t\t<div class=\"elementor-element elementor-element-ea45abc e-flex e-con-boxed e-con e-parent\" data-id=\"ea45abc\" data-element_type=\"container\" data-e-type=\"container\" data-settings=\"{&quot;background_background&quot;:&quot;video&quot;,&quot;background_video_link&quot;:&quot;https:\\\/\\\/youtu.be\\\/hkDKPWiI0TE&quot;,&quot;background_video_end&quot;:0,&quot;background_play_on_mobile&quot;:&quot;yes&quot;}\">\n\t\t\t\t\t<div class=\"e-con-inner\">\n\t\t<div class=\"elementor-background-video-container\">\n\t\t\t\t\t\t\t<div class=\"elementor-background-video-embed\" role=\"presentation\"><\/div>\n\t\t\t\t\t\t<\/div>\t\t<div class=\"elementor-element elementor-element-027a326 elementor-widget elementor-widget-heading\" data-id=\"027a326\" data-element_type=\"widget\" data-e-type=\"widget\" data-settings=\"{&quot;motion_fx_motion_fx_scrolling&quot;:&quot;yes&quot;,&quot;motion_fx_translateY_effect&quot;:&quot;yes&quot;,&quot;motion_fx_translateY_direction&quot;:&quot;negative&quot;,&quot;motion_fx_translateY_speed&quot;:{&quot;unit&quot;:&quot;px&quot;,&quot;size&quot;:1,&quot;sizes&quot;:[]},&quot;motion_fx_translateY_affectedRange&quot;:{&quot;unit&quot;:&quot;%&quot;,&quot;size&quot;:&quot;&quot;,&quot;sizes&quot;:{&quot;start&quot;:20,&quot;end&quot;:85}},&quot;motion_fx_opacity_effect&quot;:&quot;yes&quot;,&quot;motion_fx_opacity_direction&quot;:&quot;in-out&quot;,&quot;motion_fx_opacity_level&quot;:{&quot;unit&quot;:&quot;px&quot;,&quot;size&quot;:7,&quot;sizes&quot;:[]},&quot;motion_fx_opacity_range&quot;:{&quot;unit&quot;:&quot;%&quot;,&quot;size&quot;:&quot;&quot;,&quot;sizes&quot;:{&quot;start&quot;:64,&quot;end&quot;:94}},&quot;motion_fx_blur_effect&quot;:&quot;yes&quot;,&quot;motion_fx_blur_direction&quot;:&quot;in-out&quot;,&quot;motion_fx_blur_range&quot;:{&quot;unit&quot;:&quot;%&quot;,&quot;size&quot;:&quot;&quot;,&quot;sizes&quot;:{&quot;start&quot;:68,&quot;end&quot;:92}},&quot;motion_fx_blur_level&quot;:{&quot;unit&quot;:&quot;px&quot;,&quot;size&quot;:7,&quot;sizes&quot;:[]},&quot;motion_fx_devices&quot;:[&quot;desktop&quot;,&quot;tablet&quot;,&quot;mobile&quot;]}\" data-widget_type=\"heading.default\">\n\t\t\t\t\t<h1 class=\"elementor-heading-title elementor-size-default\">Pastas<\/h1>\t\t\t\t<\/div>\n\t\t\t\t\t<\/div>\n\t\t\t\t<\/div>\n\t\t<div class=\"elementor-element elementor-element-c5f94ea e-grid e-con-boxed e-con e-parent\" data-id=\"c5f94ea\" data-element_type=\"container\" data-e-type=\"container\">\n\t\t\t\t\t<div class=\"e-con-inner\">\n\t\t<div class=\"elementor-element elementor-element-3e7087c e-con-full e-flex e-con e-child\" data-id=\"3e7087c\" data-element_type=\"container\" data-e-type=\"container\">\n\t\t\t\t<div class=\"elementor-element elementor-element-9323cc1 elementor-cta--skin-cover elementor-widget elementor-widget-call-to-action\" data-id=\"9323cc1\" data-element_type=\"widget\" data-e-type=\"widget\" data-widget_type=\"call-to-action.default\">\n\t\t\t\t\t\t\t<div class=\"elementor-cta\">\n\t\t\t\t\t<div class=\"elementor-cta__bg-wrapper\">\n\t\t\t\t<div class=\"elementor-cta__bg elementor-bg\" style=\"background-image: url(https:\/\/hooterscancun.com\/wp-content\/uploads\/2024\/10\/PASTA_VEGETABLE-PASTA-500X500.webp);\" role=\"img\" aria-label=\"Vegetable Pasta - Hooters Cancun\"><\/div>\n\t\t\t\t<div class=\"elementor-cta__bg-overlay\"><\/div>\n\t\t\t<\/div>\n\t\t\t\t\t\t\t<div class=\"elementor-cta__content\">\n\t\t\t\t\n\t\t\t\t\n\t\t\t\t\n\t\t\t\t\t\t\t<\/div>\n\t\t\t\t\t\t\t<div class=\"elementor-ribbon\">\n\t\t\t\t<div class=\"elementor-ribbon-inner\">\n\t\t\t\t\t\u00a1Nuevo!\t\t\t\t<\/div>\n\t\t\t<\/div>\n\t\t\t\t<\/div>\n\t\t\t\t\t\t<\/div>\n\t\t\t\t<div class=\"elementor-element elementor-element-73fd48c elementor-widget elementor-widget-heading\" data-id=\"73fd48c\" data-element_type=\"widget\" data-e-type=\"widget\" data-widget_type=\"heading.default\">\n\t\t\t\t\t<h3 class=\"elementor-heading-title elementor-size-default\">VEGETABLE PASTA<\/h3>\t\t\t\t<\/div>\n\t\t\t\t<div class=\"elementor-element elementor-element-c12704e elementor-widget elementor-widget-text-editor\" data-id=\"c12704e\" data-element_type=\"widget\" data-e-type=\"widget\" data-widget_type=\"text-editor.default\">\n\t\t\t\t\t\t\t\t\t<h3><strong><b>$294 <\/b><\/strong><\/h3>\n<p>Pasta corta con salsa cremosa de queso parmesano, pimientos verde y rojo, cebolla, br\u00f3coli, champi\u00f1ones y coliflor.<\/p>\n\t\t\t\t\t\t\t\t<\/div>\n\t\t\t\t<\/div>\n\t\t<div class=\"elementor-element elementor-element-8033330 e-con-full e-flex e-con e-child\" data-id=\"8033330\" data-element_type=\"container\" data-e-type=\"container\">\n\t\t\t\t<div class=\"elementor-element elementor-element-79659f1 elementor-cta--skin-cover elementor-widget elementor-widget-call-to-action\" data-id=\"79659f1\" data-element_type=\"widget\" data-e-type=\"widget\" data-widget_type=\"call-to-action.default\">\n\t\t\t\t\t\t\t<div class=\"elementor-cta\">\n\t\t\t\t\t<div class=\"elementor-cta__bg-wrapper\">\n\t\t\t\t<div class=\"elementor-cta__bg elementor-bg\" style=\"background-image: url(https:\/\/hooterscancun.com\/wp-content\/uploads\/2024\/10\/PASTA_CREAMY-PASTA-500X500.webp);\" role=\"img\" aria-label=\"Creamy Pasta - Hooters Cancun\"><\/div>\n\t\t\t\t<div class=\"elementor-cta__bg-overlay\"><\/div>\n\t\t\t<\/div>\n\t\t\t\t\t\t\t<div class=\"elementor-cta__content\">\n\t\t\t\t\n\t\t\t\t\n\t\t\t\t\n\t\t\t\t\t\t\t<\/div>\n\t\t\t\t\t\t\t<div class=\"elementor-ribbon\">\n\t\t\t\t<div class=\"elementor-ribbon-inner\">\n\t\t\t\t\t\u00a1Nuevo!\t\t\t\t<\/div>\n\t\t\t<\/div>\n\t\t\t\t<\/div>\n\t\t\t\t\t\t<\/div>\n\t\t\t\t<div class=\"elementor-element elementor-element-fc6a08a elementor-widget elementor-widget-heading\" data-id=\"fc6a08a\" data-element_type=\"widget\" data-e-type=\"widget\" data-widget_type=\"heading.default\">\n\t\t\t\t\t<h3 class=\"elementor-heading-title elementor-size-default\">CREAMY SHRIMP PASTA<\/h3>\t\t\t\t<\/div>\n\t\t\t\t<div class=\"elementor-element elementor-element-85aadca elementor-widget elementor-widget-text-editor\" data-id=\"85aadca\" data-element_type=\"widget\" data-e-type=\"widget\" data-widget_type=\"text-editor.default\">\n\t\t\t\t\t\t\t\t\t<h3><b>$362 <\/b><\/h3>\n<p><span style=\"font-weight: 400;\">(130 g.) <\/span>Camarones salteados con pimiento morr\u00f3n y champi\u00f1ones en fetuccini, con salsa cremosa de queso parmesano.<\/p>\n\t\t\t\t\t\t\t\t<\/div>\n\t\t\t\t<\/div>\n\t\t<div class=\"elementor-element elementor-element-0ce6378 e-con-full e-flex e-con e-child\" data-id=\"0ce6378\" data-element_type=\"container\" data-e-type=\"container\">\n\t\t\t\t<div class=\"elementor-element elementor-element-7666386 elementor-widget elementor-widget-image\" data-id=\"7666386\" data-element_type=\"widget\" data-e-type=\"widget\" data-widget_type=\"image.default\">\n\t\t\t\t\t\t\t\t\t\t\t\t\t\t\t<img fetchpriority=\"high\" decoding=\"async\" width=\"500\" height=\"500\" src=\"https:\/\/hooterscancun.com\/wp-content\/uploads\/2024\/10\/PASTA_BUFFALO-PASTA-500X500_BUENA.webp\" class=\"attachment-large size-large wp-image-1197\" alt=\"Buffalo Pasta - Hooters Cancun\" srcset=\"https:\/\/hooterscancun.com\/wp-content\/uploads\/2024\/10\/PASTA_BUFFALO-PASTA-500X500_BUENA.webp 500w, https:\/\/hooterscancun.com\/wp-content\/uploads\/2024\/10\/PASTA_BUFFALO-PASTA-500X500_BUENA-300x300.webp 300w, https:\/\/hooterscancun.com\/wp-content\/uploads\/2024\/10\/PASTA_BUFFALO-PASTA-500X500_BUENA-150x150.webp 150w\" sizes=\"(max-width: 500px) 100vw, 500px\" \/>\t\t\t\t\t\t\t\t\t\t\t\t\t\t\t<\/div>\n\t\t\t\t<div class=\"elementor-element elementor-element-dfbd7b4 elementor-widget elementor-widget-heading\" data-id=\"dfbd7b4\" data-element_type=\"widget\" data-e-type=\"widget\" data-widget_type=\"heading.default\">\n\t\t\t\t\t<h3 class=\"elementor-heading-title elementor-size-default\">BUFFALO PASTA<\/h3>\t\t\t\t<\/div>\n\t\t\t\t<div class=\"elementor-element elementor-element-461a71d elementor-widget elementor-widget-text-editor\" data-id=\"461a71d\" data-element_type=\"widget\" data-e-type=\"widget\" data-widget_type=\"text-editor.default\">\n\t\t\t\t\t\t\t\t\t<h3><b>$324<\/b><\/h3>\n<p><span style=\"font-weight: 400;\">(225 g.) <\/span>Pasta penne con salsa de chipotle cremosa y pechuga de pollo buffalo, con tu wing sauce preferida. Adem\u00e1s, queso provolone derretido encima. Servida con pan deli tostado. <\/p>\n\t\t\t\t\t\t\t\t<\/div>\n\t\t\t\t<\/div>\n\t\t<div class=\"elementor-element elementor-element-e8c2c36 e-con-full e-flex e-con e-child\" data-id=\"e8c2c36\" data-element_type=\"container\" data-e-type=\"container\">\n\t\t\t\t<div class=\"elementor-element elementor-element-25577ec elementor-widget elementor-widget-image\" data-id=\"25577ec\" data-element_type=\"widget\" data-e-type=\"widget\" data-widget_type=\"image.default\">\n\t\t\t\t\t\t\t\t\t\t\t\t\t\t\t<img decoding=\"async\" width=\"500\" height=\"500\" src=\"https:\/\/hooterscancun.com\/wp-content\/uploads\/2024\/10\/PASTA_GARLIC-PARMESAN-PASTA-500X500_BUENA.webp\" class=\"attachment-large size-large wp-image-1198\" alt=\"Garlic Parmesan Pasta - Hooters Cancun\" srcset=\"https:\/\/hooterscancun.com\/wp-content\/uploads\/2024\/10\/PASTA_GARLIC-PARMESAN-PASTA-500X500_BUENA.webp 500w, https:\/\/hooterscancun.com\/wp-content\/uploads\/2024\/10\/PASTA_GARLIC-PARMESAN-PASTA-500X500_BUENA-300x300.webp 300w, https:\/\/hooterscancun.com\/wp-content\/uploads\/2024\/10\/PASTA_GARLIC-PARMESAN-PASTA-500X500_BUENA-150x150.webp 150w\" sizes=\"(max-width: 500px) 100vw, 500px\" \/>\t\t\t\t\t\t\t\t\t\t\t\t\t\t\t<\/div>\n\t\t\t\t<div class=\"elementor-element elementor-element-485c9b0 elementor-widget elementor-widget-heading\" data-id=\"485c9b0\" data-element_type=\"widget\" data-e-type=\"widget\" data-widget_type=\"heading.default\">\n\t\t\t\t\t<h3 class=\"elementor-heading-title elementor-size-default\">GARLIC PARMESAN PASTA<\/h3>\t\t\t\t<\/div>\n\t\t\t\t<div class=\"elementor-element elementor-element-813f73d elementor-widget elementor-widget-text-editor\" data-id=\"813f73d\" data-element_type=\"widget\" data-e-type=\"widget\" data-widget_type=\"text-editor.default\">\n\t\t\t\t\t\t\t\t\t<h3><b>$304<\/b><\/h3>\n<p><span style=\"font-weight: 400;\">(225 g.) <\/span>Pasta fetuccini con salsa marinara debajo de una pechuga de pollo, marinada con nuestra salsa parmesan garlic y un grat\u00edn de queso suizo. Servida con pan deli tostado.  <\/p>\n\t\t\t\t\t\t\t\t<\/div>\n\t\t\t\t<\/div>\n\t\t<div class=\"elementor-element elementor-element-acaa358 e-con-full e-flex e-con e-child\" data-id=\"acaa358\" data-element_type=\"container\" data-e-type=\"container\">\n\t\t\t\t<div class=\"elementor-element elementor-element-89309b9 elementor-widget elementor-widget-image\" data-id=\"89309b9\" data-element_type=\"widget\" data-e-type=\"widget\" data-widget_type=\"image.default\">\n\t\t\t\t\t\t\t\t\t\t\t\t\t\t\t<img decoding=\"async\" width=\"500\" height=\"500\" src=\"https:\/\/hooterscancun.com\/wp-content\/uploads\/2024\/10\/PASTA_STEAK-PASTA-500X500_2.webp\" class=\"attachment-large size-large wp-image-1199\" alt=\"Steak Pasta - Hooters Cancun\" srcset=\"https:\/\/hooterscancun.com\/wp-content\/uploads\/2024\/10\/PASTA_STEAK-PASTA-500X500_2.webp 500w, https:\/\/hooterscancun.com\/wp-content\/uploads\/2024\/10\/PASTA_STEAK-PASTA-500X500_2-300x300.webp 300w, https:\/\/hooterscancun.com\/wp-content\/uploads\/2024\/10\/PASTA_STEAK-PASTA-500X500_2-150x150.webp 150w\" sizes=\"(max-width: 500px) 100vw, 500px\" \/>\t\t\t\t\t\t\t\t\t\t\t\t\t\t\t<\/div>\n\t\t\t\t<div class=\"elementor-element elementor-element-482a2ed elementor-widget elementor-widget-heading\" data-id=\"482a2ed\" data-element_type=\"widget\" data-e-type=\"widget\" data-widget_type=\"heading.default\">\n\t\t\t\t\t<h3 class=\"elementor-heading-title elementor-size-default\">STEAK PASTA<\/h3>\t\t\t\t<\/div>\n\t\t\t\t<div class=\"elementor-element elementor-element-21f7abc elementor-widget elementor-widget-text-editor\" data-id=\"21f7abc\" data-element_type=\"widget\" data-e-type=\"widget\" data-widget_type=\"text-editor.default\">\n\t\t\t\t\t\t\t\t\t<h3><b>$354<\/b><\/h3>\n<p><span style=\"font-weight: 400;\">(210 g.) <\/span>Suave y deliciosa carne arrachera, gratinada con queso provoloney montada sobre una cama de pasta penne, ba\u00f1ada en salsa chipotle cremosa y tocino espolvoreado.  <\/p>\n\t\t\t\t\t\t\t\t<\/div>\n\t\t\t\t<\/div>\n\t\t\t\t\t<\/div>\n\t\t\t\t<\/div>\n\t\t<div class=\"elementor-element elementor-element-12af3b4 e-flex e-con-boxed e-con e-child\" data-id=\"12af3b4\" data-element_type=\"container\" data-e-type=\"container\">\n\t\t\t\t\t<div class=\"e-con-inner\">\n\t\t\t\t<div class=\"elementor-element elementor-element-7091720 elementor-widget elementor-widget-text-editor\" data-id=\"7091720\" data-element_type=\"widget\" data-e-type=\"widget\" data-widget_type=\"text-editor.default\">\n\t\t\t\t\t\t\t\t\t<p>*Los pesos de las prote\u00edna son antes de cocci\u00f3n, los cuales pueden variar seg\u00fan el tiempo termino de su elecci\u00f3n. Nuestras hamburguesas y carnes pueden ser cocinados a su elecci\u00f3n, las carnes crudas o poco cocidas, como el cerdo, pescado, mariscos o huevos frescos pueden aumentar el riesgo de enfermedad causada por alimentos, sobretodo si usted tiene ciertas condiciones medicas. <\/p>\n\t\t\t\t\t\t\t\t<\/div>\n\t\t\t\t<div class=\"elementor-element elementor-element-98c65dc elementor-align-center elementor-widget__width-auto elementor-invisible elementor-widget elementor-widget-button\" data-id=\"98c65dc\" data-element_type=\"widget\" data-e-type=\"widget\" data-settings=\"{&quot;_animation&quot;:&quot;bounceIn&quot;}\" data-widget_type=\"button.default\">\n\t\t\t\t\t\t\t\t\t\t<a class=\"elementor-button elementor-button-link elementor-size-sm\" href=\"https:\/\/hooterscancun.com\/es\/menu\/\">\n\t\t\t\t\t\t<span class=\"elementor-button-content-wrapper\">\n\t\t\t\t\t\t\t\t\t<span class=\"elementor-button-text\">Regresar al Men\u00fa<\/span>\n\t\t\t\t\t<\/span>\n\t\t\t\t\t<\/a>\n\t\t\t\t\t\t\t\t<\/div>\n\t\t\t\t\t<\/div>\n\t\t\t\t<\/div>\n\t\t\t\t<\/div>\n\t\t","protected":false},"excerpt":{"rendered":"<p>Pastas \u00a1Nuevo! VEGETABLE PASTA $294 Pasta corta con salsa cremosa de queso parmesano, pimientos verde y rojo, cebolla, br\u00f3coli, champi\u00f1ones y coliflor. \u00a1Nuevo! CREAMY SHRIMP PASTA $362 (130 g.) Camarones salteados con pimiento morr\u00f3n y champi\u00f1ones en fetuccini, con salsa cremosa de queso parmesano. BUFFALO PASTA $324 (225 g.) Pasta penne con salsa de chipotle [&hellip;]<\/p>\n","protected":false},"author":1,"featured_media":0,"parent":2036,"menu_order":0,"comment_status":"closed","ping_status":"closed","template":"elementor_header_footer","meta":{"footnotes":""},"class_list":["post-2072","page","type-page","status-publish","hentry"],"aioseo_notices":[],"_links":{"self":[{"href":"https:\/\/hooterscancun.com\/es\/wp-json\/wp\/v2\/pages\/2072","targetHints":{"allow":["GET"]}}],"collection":[{"href":"https:\/\/hooterscancun.com\/es\/wp-json\/wp\/v2\/pages"}],"about":[{"href":"https:\/\/hooterscancun.com\/es\/wp-json\/wp\/v2\/types\/page"}],"author":[{"embeddable":true,"href":"https:\/\/hooterscancun.com\/es\/wp-json\/wp\/v2\/users\/1"}],"replies":[{"embeddable":true,"href":"https:\/\/hooterscancun.com\/es\/wp-json\/wp\/v2\/comments?post=2072"}],"version-history":[{"count":2,"href":"https:\/\/hooterscancun.com\/es\/wp-json\/wp\/v2\/pages\/2072\/revisions"}],"predecessor-version":[{"id":3174,"href":"https:\/\/hooterscancun.com\/es\/wp-json\/wp\/v2\/pages\/2072\/revisions\/3174"}],"up":[{"embeddable":true,"href":"https:\/\/hooterscancun.com\/es\/wp-json\/wp\/v2\/pages\/2036"}],"wp:attachment":[{"href":"https:\/\/hooterscancun.com\/es\/wp-json\/wp\/v2\/media?parent=2072"}],"curies":[{"name":"wp","href":"https:\/\/api.w.org\/{rel}","templated":true}]}}