{"id":2066,"date":"2024-10-02T22:29:46","date_gmt":"2024-10-03T03:29:46","guid":{"rendered":"https:\/\/hooterscancun.com\/menu\/postres\/"},"modified":"2025-10-23T14:29:37","modified_gmt":"2025-10-23T19:29:37","slug":"postres","status":"publish","type":"page","link":"https:\/\/hooterscancun.com\/es\/menu\/postres\/","title":{"rendered":"Postres"},"content":{"rendered":"\t\t<div data-elementor-type=\"wp-page\" data-elementor-id=\"2066\" class=\"elementor elementor-2066 elementor-737\" data-elementor-post-type=\"page\">\n\t\t\t\t<div class=\"elementor-element elementor-element-ea45abc e-flex e-con-boxed e-con e-parent\" data-id=\"ea45abc\" data-element_type=\"container\" data-e-type=\"container\" data-settings=\"{&quot;background_background&quot;:&quot;video&quot;,&quot;background_video_link&quot;:&quot;https:\\\/\\\/youtu.be\\\/JZjzqkKXicg&quot;,&quot;background_video_end&quot;:0,&quot;background_play_on_mobile&quot;:&quot;yes&quot;}\">\n\t\t\t\t\t<div class=\"e-con-inner\">\n\t\t<div class=\"elementor-background-video-container\">\n\t\t\t\t\t\t\t<div class=\"elementor-background-video-embed\" role=\"presentation\"><\/div>\n\t\t\t\t\t\t<\/div>\t\t<div class=\"elementor-element elementor-element-027a326 elementor-widget elementor-widget-heading\" data-id=\"027a326\" data-element_type=\"widget\" data-e-type=\"widget\" data-settings=\"{&quot;motion_fx_motion_fx_scrolling&quot;:&quot;yes&quot;,&quot;motion_fx_translateY_effect&quot;:&quot;yes&quot;,&quot;motion_fx_translateY_direction&quot;:&quot;negative&quot;,&quot;motion_fx_translateY_speed&quot;:{&quot;unit&quot;:&quot;px&quot;,&quot;size&quot;:1,&quot;sizes&quot;:[]},&quot;motion_fx_translateY_affectedRange&quot;:{&quot;unit&quot;:&quot;%&quot;,&quot;size&quot;:&quot;&quot;,&quot;sizes&quot;:{&quot;start&quot;:20,&quot;end&quot;:85}},&quot;motion_fx_opacity_effect&quot;:&quot;yes&quot;,&quot;motion_fx_opacity_direction&quot;:&quot;in-out&quot;,&quot;motion_fx_opacity_level&quot;:{&quot;unit&quot;:&quot;px&quot;,&quot;size&quot;:7,&quot;sizes&quot;:[]},&quot;motion_fx_opacity_range&quot;:{&quot;unit&quot;:&quot;%&quot;,&quot;size&quot;:&quot;&quot;,&quot;sizes&quot;:{&quot;start&quot;:64,&quot;end&quot;:94}},&quot;motion_fx_blur_effect&quot;:&quot;yes&quot;,&quot;motion_fx_blur_direction&quot;:&quot;in-out&quot;,&quot;motion_fx_blur_range&quot;:{&quot;unit&quot;:&quot;%&quot;,&quot;size&quot;:&quot;&quot;,&quot;sizes&quot;:{&quot;start&quot;:68,&quot;end&quot;:92}},&quot;motion_fx_blur_level&quot;:{&quot;unit&quot;:&quot;px&quot;,&quot;size&quot;:7,&quot;sizes&quot;:[]},&quot;motion_fx_devices&quot;:[&quot;desktop&quot;,&quot;tablet&quot;,&quot;mobile&quot;]}\" data-widget_type=\"heading.default\">\n\t\t\t\t\t<h1 class=\"elementor-heading-title elementor-size-default\">Postres<\/h1>\t\t\t\t<\/div>\n\t\t\t\t\t<\/div>\n\t\t\t\t<\/div>\n\t\t<div class=\"elementor-element elementor-element-c5f94ea e-flex e-con-boxed e-con e-parent\" data-id=\"c5f94ea\" data-element_type=\"container\" data-e-type=\"container\">\n\t\t\t\t\t<div class=\"e-con-inner\">\n\t\t<div class=\"elementor-element elementor-element-f715156 e-con-full e-flex e-con e-child\" data-id=\"f715156\" data-element_type=\"container\" data-e-type=\"container\">\n\t\t\t\t<div class=\"elementor-element elementor-element-41ccf00 elementor-widget elementor-widget-heading\" data-id=\"41ccf00\" data-element_type=\"widget\" data-e-type=\"widget\" data-widget_type=\"heading.default\">\n\t\t\t\t\t<h3 class=\"elementor-heading-title elementor-size-default\">FRIED ICE CREAM<\/h3>\t\t\t\t<\/div>\n\t\t\t\t<div class=\"elementor-element elementor-element-ae45623 elementor-widget elementor-widget-text-editor\" data-id=\"ae45623\" data-element_type=\"widget\" data-e-type=\"widget\" data-widget_type=\"text-editor.default\">\n\t\t\t\t\t\t\t\t\t<h3><strong><b>$144<\/b>  <\/strong><\/h3>\n<p>\u00a1Nuestra creaci\u00f3n especial! Helado de vainilla frito, con salsas de chocolate y fresa. \u00bfQui\u00e9n dijo que las Hooters Girls no saben comer?<\/p>\n\t\t\t\t\t\t\t\t<\/div>\n\t\t\t\t<\/div>\n\t\t<div class=\"elementor-element elementor-element-8033330 e-con-full e-flex e-con e-child\" data-id=\"8033330\" data-element_type=\"container\" data-e-type=\"container\">\n\t\t\t\t<div class=\"elementor-element elementor-element-fc6a08a elementor-widget elementor-widget-heading\" data-id=\"fc6a08a\" data-element_type=\"widget\" data-e-type=\"widget\" data-widget_type=\"heading.default\">\n\t\t\t\t\t<h3 class=\"elementor-heading-title elementor-size-default\">ICE CREAM<\/h3>\t\t\t\t<\/div>\n\t\t\t\t<div class=\"elementor-element elementor-element-85aadca elementor-widget elementor-widget-text-editor\" data-id=\"85aadca\" data-element_type=\"widget\" data-e-type=\"widget\" data-widget_type=\"text-editor.default\">\n\t\t\t\t\t\t\t\t\t<h3><b>$104<\/b><\/h3>\n<p>Helado de vainilla o chocolate.<\/p>\n\t\t\t\t\t\t\t\t<\/div>\n\t\t\t\t<\/div>\n\t\t<div class=\"elementor-element elementor-element-0ce6378 e-con-full e-flex e-con e-child\" data-id=\"0ce6378\" data-element_type=\"container\" data-e-type=\"container\">\n\t\t\t\t<div class=\"elementor-element elementor-element-4dcb757 elementor-widget__width-inherit elementor-widget elementor-widget-heading\" data-id=\"4dcb757\" data-element_type=\"widget\" data-e-type=\"widget\" data-widget_type=\"heading.default\">\n\t\t\t\t\t<h2 class=\"elementor-heading-title elementor-size-default\">Postres Importados\n<\/h2>\t\t\t\t<\/div>\n\t\t\t\t<div class=\"elementor-element elementor-element-44ee330 elementor-widget elementor-widget-text-editor\" data-id=\"44ee330\" data-element_type=\"widget\" data-e-type=\"widget\" data-widget_type=\"text-editor.default\">\n\t\t\t\t\t\t\t\t\t<p>Rebanadas de pastel, ideales para compartir<\/p>\n\t\t\t\t\t\t\t\t<\/div>\n\t\t\t\t<\/div>\n\t\t<div class=\"elementor-element elementor-element-acaa358 e-con-full e-flex e-con e-child\" data-id=\"acaa358\" data-element_type=\"container\" data-e-type=\"container\">\n\t\t\t\t<div class=\"elementor-element elementor-element-4a9ed04 elementor-widget elementor-widget-image\" data-id=\"4a9ed04\" data-element_type=\"widget\" data-e-type=\"widget\" data-widget_type=\"image.default\">\n\t\t\t\t\t\t\t\t\t\t\t\t\t\t\t<img fetchpriority=\"high\" decoding=\"async\" width=\"500\" height=\"500\" src=\"https:\/\/hooterscancun.com\/wp-content\/uploads\/2024\/10\/POSTRE_CHOCOLATE-CAKE-500X500.webp\" class=\"attachment-large size-large wp-image-1099\" alt=\"Chocolate Cheese Cake - Hooters Cancun\" srcset=\"https:\/\/hooterscancun.com\/wp-content\/uploads\/2024\/10\/POSTRE_CHOCOLATE-CAKE-500X500.webp 500w, https:\/\/hooterscancun.com\/wp-content\/uploads\/2024\/10\/POSTRE_CHOCOLATE-CAKE-500X500-300x300.webp 300w, https:\/\/hooterscancun.com\/wp-content\/uploads\/2024\/10\/POSTRE_CHOCOLATE-CAKE-500X500-150x150.webp 150w\" sizes=\"(max-width: 500px) 100vw, 500px\" \/>\t\t\t\t\t\t\t\t\t\t\t\t\t\t\t<\/div>\n\t\t\t\t<div class=\"elementor-element elementor-element-482a2ed elementor-widget elementor-widget-heading\" data-id=\"482a2ed\" data-element_type=\"widget\" data-e-type=\"widget\" data-widget_type=\"heading.default\">\n\t\t\t\t\t<h3 class=\"elementor-heading-title elementor-size-default\">CHOCOLATE MOUSSE CAKE<\/h3>\t\t\t\t<\/div>\n\t\t\t\t<div class=\"elementor-element elementor-element-21f7abc elementor-widget elementor-widget-text-editor\" data-id=\"21f7abc\" data-element_type=\"widget\" data-e-type=\"widget\" data-widget_type=\"text-editor.default\">\n\t\t\t\t\t\t\t\t\t<p><b style=\"font-size: 1.25rem;\">$224<\/b><\/p>\n<div id=\"tw-target-text-container\" class=\"tw-ta-container F0azHf tw-nfl\" tabindex=\"0\" role=\"text\">\n<p dir=\"ltr\" data-placeholder=\"Traducci\u00f3n\" data-ved=\"2ahUKEwi4_IKjqM2JAxUvSjABHQlFCDkQ3ewLegQICRAU\" aria-label=\"Texto traducido: Chocolate mousse\">\n<p id=\"tw-target-text\" class=\"tw-data-text tw-text-large tw-ta\" dir=\"ltr\" data-placeholder=\"Traducci\u00f3n\" data-ved=\"2ahUKEwi4_IKjqM2JAxUvSjABHQlFCDkQ3ewLegQICRAU\" aria-label=\"Texto traducido: Chocolate mousse\"><span class=\"Y2IQFc\" lang=\"en\">Mousse de chocolate.<\/span><\/p>\n<\/div>\n\t\t\t\t\t\t\t\t<\/div>\n\t\t\t\t<\/div>\n\t\t<div class=\"elementor-element elementor-element-aedf467 e-con-full e-flex e-con e-child\" data-id=\"aedf467\" data-element_type=\"container\" data-e-type=\"container\">\n\t\t\t\t<div class=\"elementor-element elementor-element-d9bb218 elementor-widget elementor-widget-image\" data-id=\"d9bb218\" data-element_type=\"widget\" data-e-type=\"widget\" data-widget_type=\"image.default\">\n\t\t\t\t\t\t\t\t\t\t\t\t\t\t\t<img decoding=\"async\" width=\"500\" height=\"500\" src=\"https:\/\/hooterscancun.com\/wp-content\/uploads\/2024\/10\/POSTRE_LIME-CAKE-500X500.webp\" class=\"attachment-large size-large wp-image-1100\" alt=\"Lime Cake - Hooters Cancun\" srcset=\"https:\/\/hooterscancun.com\/wp-content\/uploads\/2024\/10\/POSTRE_LIME-CAKE-500X500.webp 500w, https:\/\/hooterscancun.com\/wp-content\/uploads\/2024\/10\/POSTRE_LIME-CAKE-500X500-300x300.webp 300w, https:\/\/hooterscancun.com\/wp-content\/uploads\/2024\/10\/POSTRE_LIME-CAKE-500X500-150x150.webp 150w\" sizes=\"(max-width: 500px) 100vw, 500px\" \/>\t\t\t\t\t\t\t\t\t\t\t\t\t\t\t<\/div>\n\t\t\t\t<div class=\"elementor-element elementor-element-23b828a elementor-widget elementor-widget-heading\" data-id=\"23b828a\" data-element_type=\"widget\" data-e-type=\"widget\" data-widget_type=\"heading.default\">\n\t\t\t\t\t<h3 class=\"elementor-heading-title elementor-size-default\">KEY LIME PIE<\/h3>\t\t\t\t<\/div>\n\t\t\t\t<div class=\"elementor-element elementor-element-4e26316 elementor-widget elementor-widget-text-editor\" data-id=\"4e26316\" data-element_type=\"widget\" data-e-type=\"widget\" data-widget_type=\"text-editor.default\">\n\t\t\t\t\t\t\t\t\t<p><b style=\"font-size: 1.25rem;\">$204<\/b><\/p>\n<\/p>\n<p>Pie de lim\u00f3n.<\/p>\n\t\t\t\t\t\t\t\t<\/div>\n\t\t\t\t<\/div>\n\t\t<div class=\"elementor-element elementor-element-aedd377 e-con-full e-flex e-con e-child\" data-id=\"aedd377\" data-element_type=\"container\" data-e-type=\"container\">\n\t\t\t\t<div class=\"elementor-element elementor-element-7609cfb elementor-widget elementor-widget-image\" data-id=\"7609cfb\" data-element_type=\"widget\" data-e-type=\"widget\" data-widget_type=\"image.default\">\n\t\t\t\t\t\t\t\t\t\t\t\t\t\t\t<img decoding=\"async\" width=\"550\" height=\"550\" src=\"https:\/\/hooterscancun.com\/wp-content\/uploads\/2025\/06\/CHEESECAKE-HOOTERS_550X550.jpg\" class=\"attachment-large size-large wp-image-2961\" alt=\"\" srcset=\"https:\/\/hooterscancun.com\/wp-content\/uploads\/2025\/06\/CHEESECAKE-HOOTERS_550X550.jpg 550w, https:\/\/hooterscancun.com\/wp-content\/uploads\/2025\/06\/CHEESECAKE-HOOTERS_550X550-300x300.jpg 300w, https:\/\/hooterscancun.com\/wp-content\/uploads\/2025\/06\/CHEESECAKE-HOOTERS_550X550-150x150.jpg 150w\" sizes=\"(max-width: 550px) 100vw, 550px\" \/>\t\t\t\t\t\t\t\t\t\t\t\t\t\t\t<\/div>\n\t\t\t\t<div class=\"elementor-element elementor-element-12d4699 elementor-widget elementor-widget-heading\" data-id=\"12d4699\" data-element_type=\"widget\" data-e-type=\"widget\" data-widget_type=\"heading.default\">\n\t\t\t\t\t<h3 class=\"elementor-heading-title elementor-size-default\">TARTA DE QUESO Y COCO<\/h3>\t\t\t\t<\/div>\n\t\t\t\t<div class=\"elementor-element elementor-element-b4c26da elementor-widget elementor-widget-text-editor\" data-id=\"b4c26da\" data-element_type=\"widget\" data-e-type=\"widget\" data-widget_type=\"text-editor.default\">\n\t\t\t\t\t\t\t\t\t<p><b style=\"font-size: 1.25rem;\">$204<\/b><\/p>\n<\/p>\n<p>Tarta de queso hecha con queso importado y coco tropical local.<\/p>\n\t\t\t\t\t\t\t\t<\/div>\n\t\t\t\t<\/div>\n\t\t\t\t\t<\/div>\n\t\t\t\t<\/div>\n\t\t<div class=\"elementor-element elementor-element-58acccf e-flex e-con-boxed e-con e-parent\" data-id=\"58acccf\" data-element_type=\"container\" data-e-type=\"container\">\n\t\t\t\t\t<div class=\"e-con-inner\">\n\t\t\t\t<div class=\"elementor-element elementor-element-f85fdbe elementor-widget elementor-widget-text-editor\" data-id=\"f85fdbe\" data-element_type=\"widget\" data-e-type=\"widget\" data-widget_type=\"text-editor.default\">\n\t\t\t\t\t\t\t\t\t<p>*Los pesos de las prote\u00edna son antes de cocci\u00f3n, los cuales pueden variar seg\u00fan el tiempo termino de su elecci\u00f3n. Nuestras hamburguesas y carnes pueden ser cocinados a su elecci\u00f3n, las carnes crudas o poco cocidas, como el cerdo, pescado, mariscos o huevos frescos pueden aumentar el riesgo de enfermedad causada por alimentos, sobretodo si usted tiene ciertas condiciones medicas. <\/p>\n\t\t\t\t\t\t\t\t<\/div>\n\t\t\t\t<div class=\"elementor-element elementor-element-8a49faa elementor-align-center elementor-widget__width-auto elementor-invisible elementor-widget elementor-widget-button\" data-id=\"8a49faa\" data-element_type=\"widget\" data-e-type=\"widget\" data-settings=\"{&quot;_animation&quot;:&quot;bounceIn&quot;}\" data-widget_type=\"button.default\">\n\t\t\t\t\t\t\t\t\t\t<a class=\"elementor-button elementor-button-link elementor-size-sm\" href=\"https:\/\/hooterscancun.com\/es\/menu\/\">\n\t\t\t\t\t\t<span class=\"elementor-button-content-wrapper\">\n\t\t\t\t\t\t\t\t\t<span class=\"elementor-button-text\">Regresar al Men\u00fa<\/span>\n\t\t\t\t\t<\/span>\n\t\t\t\t\t<\/a>\n\t\t\t\t\t\t\t\t<\/div>\n\t\t\t\t\t<\/div>\n\t\t\t\t<\/div>\n\t\t\t\t<\/div>\n\t\t","protected":false},"excerpt":{"rendered":"<p>Postres FRIED ICE CREAM $144 \u00a1Nuestra creaci\u00f3n especial! Helado de vainilla frito, con salsas de chocolate y fresa. \u00bfQui\u00e9n dijo que las Hooters Girls no saben comer? ICE CREAM $104 Helado de vainilla o chocolate. Postres Importados Rebanadas de pastel, ideales para compartir CHOCOLATE MOUSSE CAKE $224 Mousse de chocolate. KEY LIME PIE $204 Pie [&hellip;]<\/p>\n","protected":false},"author":1,"featured_media":0,"parent":2036,"menu_order":0,"comment_status":"closed","ping_status":"closed","template":"elementor_header_footer","meta":{"footnotes":""},"class_list":["post-2066","page","type-page","status-publish","hentry"],"aioseo_notices":[],"_links":{"self":[{"href":"https:\/\/hooterscancun.com\/es\/wp-json\/wp\/v2\/pages\/2066","targetHints":{"allow":["GET"]}}],"collection":[{"href":"https:\/\/hooterscancun.com\/es\/wp-json\/wp\/v2\/pages"}],"about":[{"href":"https:\/\/hooterscancun.com\/es\/wp-json\/wp\/v2\/types\/page"}],"author":[{"embeddable":true,"href":"https:\/\/hooterscancun.com\/es\/wp-json\/wp\/v2\/users\/1"}],"replies":[{"embeddable":true,"href":"https:\/\/hooterscancun.com\/es\/wp-json\/wp\/v2\/comments?post=2066"}],"version-history":[{"count":11,"href":"https:\/\/hooterscancun.com\/es\/wp-json\/wp\/v2\/pages\/2066\/revisions"}],"predecessor-version":[{"id":3182,"href":"https:\/\/hooterscancun.com\/es\/wp-json\/wp\/v2\/pages\/2066\/revisions\/3182"}],"up":[{"embeddable":true,"href":"https:\/\/hooterscancun.com\/es\/wp-json\/wp\/v2\/pages\/2036"}],"wp:attachment":[{"href":"https:\/\/hooterscancun.com\/es\/wp-json\/wp\/v2\/media?parent=2066"}],"curies":[{"name":"wp","href":"https:\/\/api.w.org\/{rel}","templated":true}]}}