{"id":2046,"date":"2024-10-02T22:13:53","date_gmt":"2024-10-03T03:13:53","guid":{"rendered":"https:\/\/hooterscancun.com\/menu\/mariscos\/"},"modified":"2025-10-23T14:39:34","modified_gmt":"2025-10-23T19:39:34","slug":"mariscos","status":"publish","type":"page","link":"https:\/\/hooterscancun.com\/es\/menu\/mariscos\/","title":{"rendered":"Mariscos"},"content":{"rendered":"\t\t<div data-elementor-type=\"wp-page\" data-elementor-id=\"2046\" class=\"elementor elementor-2046 elementor-707\" data-elementor-post-type=\"page\">\n\t\t\t\t<div class=\"elementor-element elementor-element-ea45abc e-flex e-con-boxed e-con e-parent\" data-id=\"ea45abc\" data-element_type=\"container\" data-e-type=\"container\" data-settings=\"{&quot;background_background&quot;:&quot;video&quot;,&quot;background_video_link&quot;:&quot;https:\\\/\\\/youtu.be\\\/DX7IRyjzgY0&quot;,&quot;background_video_end&quot;:0,&quot;background_play_on_mobile&quot;:&quot;yes&quot;}\">\n\t\t\t\t\t<div class=\"e-con-inner\">\n\t\t<div class=\"elementor-background-video-container\">\n\t\t\t\t\t\t\t<div class=\"elementor-background-video-embed\" role=\"presentation\"><\/div>\n\t\t\t\t\t\t<\/div>\t\t<div class=\"elementor-element elementor-element-027a326 elementor-widget elementor-widget-heading\" data-id=\"027a326\" data-element_type=\"widget\" data-e-type=\"widget\" data-settings=\"{&quot;motion_fx_motion_fx_scrolling&quot;:&quot;yes&quot;,&quot;motion_fx_translateY_effect&quot;:&quot;yes&quot;,&quot;motion_fx_translateY_direction&quot;:&quot;negative&quot;,&quot;motion_fx_translateY_speed&quot;:{&quot;unit&quot;:&quot;px&quot;,&quot;size&quot;:1,&quot;sizes&quot;:[]},&quot;motion_fx_translateY_affectedRange&quot;:{&quot;unit&quot;:&quot;%&quot;,&quot;size&quot;:&quot;&quot;,&quot;sizes&quot;:{&quot;start&quot;:20,&quot;end&quot;:85}},&quot;motion_fx_blur_effect&quot;:&quot;yes&quot;,&quot;motion_fx_blur_direction&quot;:&quot;in-out&quot;,&quot;motion_fx_blur_range&quot;:{&quot;unit&quot;:&quot;%&quot;,&quot;size&quot;:&quot;&quot;,&quot;sizes&quot;:{&quot;start&quot;:68,&quot;end&quot;:92}},&quot;motion_fx_blur_level&quot;:{&quot;unit&quot;:&quot;px&quot;,&quot;size&quot;:7,&quot;sizes&quot;:[]},&quot;motion_fx_devices&quot;:[&quot;desktop&quot;,&quot;tablet&quot;,&quot;mobile&quot;]}\" data-widget_type=\"heading.default\">\n\t\t\t\t\t<h1 class=\"elementor-heading-title elementor-size-default\">Mariscos<\/h1>\t\t\t\t<\/div>\n\t\t\t\t\t<\/div>\n\t\t\t\t<\/div>\n\t\t<div class=\"elementor-element elementor-element-c5f94ea e-grid e-con-boxed e-con e-parent\" data-id=\"c5f94ea\" data-element_type=\"container\" data-e-type=\"container\">\n\t\t\t\t\t<div class=\"e-con-inner\">\n\t\t<div class=\"elementor-element elementor-element-3e7087c e-con-full e-flex e-con e-child\" data-id=\"3e7087c\" data-element_type=\"container\" data-e-type=\"container\">\n\t\t\t\t<div class=\"elementor-element elementor-element-e0b71a2 elementor-cta--skin-cover elementor-widget elementor-widget-call-to-action\" data-id=\"e0b71a2\" data-element_type=\"widget\" data-e-type=\"widget\" data-widget_type=\"call-to-action.default\">\n\t\t\t\t\t\t\t<div class=\"elementor-cta\">\n\t\t\t\t\t<div class=\"elementor-cta__bg-wrapper\">\n\t\t\t\t<div class=\"elementor-cta__bg elementor-bg\" style=\"background-image: url(https:\/\/hooterscancun.com\/wp-content\/uploads\/2024\/10\/MARISCOS_CALAMARI-SHRIMP_500X500.webp);\" role=\"img\" aria-label=\"Mariscos - Calamari Shrimp - Hooters Canc\u00fan\"><\/div>\n\t\t\t\t<div class=\"elementor-cta__bg-overlay\"><\/div>\n\t\t\t<\/div>\n\t\t\t\t\t\t\t<div class=\"elementor-cta__content\">\n\t\t\t\t\n\t\t\t\t\n\t\t\t\t\n\t\t\t\t\t\t\t<\/div>\n\t\t\t\t\t\t\t<div class=\"elementor-ribbon\">\n\t\t\t\t<div class=\"elementor-ribbon-inner\">\n\t\t\t\t\t\u00a1Nuevo!\t\t\t\t<\/div>\n\t\t\t<\/div>\n\t\t\t\t<\/div>\n\t\t\t\t\t\t<\/div>\n\t\t\t\t<div class=\"elementor-element elementor-element-73fd48c elementor-widget elementor-widget-heading\" data-id=\"73fd48c\" data-element_type=\"widget\" data-e-type=\"widget\" data-widget_type=\"heading.default\">\n\t\t\t\t\t<h3 class=\"elementor-heading-title elementor-size-default\">CALAMARI &amp; SHRIMP<\/h3>\t\t\t\t<\/div>\n\t\t\t\t<div class=\"elementor-element elementor-element-c12704e elementor-widget elementor-widget-text-editor\" data-id=\"c12704e\" data-element_type=\"widget\" data-e-type=\"widget\" data-widget_type=\"text-editor.default\">\n\t\t\t\t\t\t\t\t\t<h3><strong><b>$324<\/b><\/strong><\/h3>\n<p><span style=\"text-align: var(--text-align);\">(Camar\u00f3n 170 g.\/ Calamar 280 g.)<\/span><span style=\"text-align: var(--text-align);\">Aros de calamar y camarones fritos, capeados con nuestra harina especial y servidos con tr\u00edo de salsas:  <\/span><\/p>\n<p>Marinara, Tamarindo Picosito y T\u00e1rtara. Acompa\u00f1ado con lima y limon. <\/p>\n\t\t\t\t\t\t\t\t<\/div>\n\t\t\t\t<\/div>\n\t\t<div class=\"elementor-element elementor-element-8033330 e-con-full e-flex e-con e-child\" data-id=\"8033330\" data-element_type=\"container\" data-e-type=\"container\">\n\t\t\t\t<div class=\"elementor-element elementor-element-2c770a8 elementor-widget elementor-widget-image\" data-id=\"2c770a8\" data-element_type=\"widget\" data-e-type=\"widget\" data-widget_type=\"image.default\">\n\t\t\t\t\t\t\t\t\t\t\t\t\t\t\t<img fetchpriority=\"high\" decoding=\"async\" width=\"500\" height=\"500\" src=\"https:\/\/hooterscancun.com\/wp-content\/uploads\/2024\/10\/MARISCOS_FISH-CHIPS_500X500.webp\" class=\"attachment-large size-large wp-image-1085\" alt=\"Mariscos - Fish &amp; Chips - Hooters Canc\u00fan\" srcset=\"https:\/\/hooterscancun.com\/wp-content\/uploads\/2024\/10\/MARISCOS_FISH-CHIPS_500X500.webp 500w, https:\/\/hooterscancun.com\/wp-content\/uploads\/2024\/10\/MARISCOS_FISH-CHIPS_500X500-300x300.webp 300w, https:\/\/hooterscancun.com\/wp-content\/uploads\/2024\/10\/MARISCOS_FISH-CHIPS_500X500-150x150.webp 150w\" sizes=\"(max-width: 500px) 100vw, 500px\" \/>\t\t\t\t\t\t\t\t\t\t\t\t\t\t\t<\/div>\n\t\t\t\t<div class=\"elementor-element elementor-element-fc6a08a elementor-widget elementor-widget-heading\" data-id=\"fc6a08a\" data-element_type=\"widget\" data-e-type=\"widget\" data-widget_type=\"heading.default\">\n\t\t\t\t\t<h3 class=\"elementor-heading-title elementor-size-default\">FISH &amp; CHIPS<\/h3>\t\t\t\t<\/div>\n\t\t\t\t<div class=\"elementor-element elementor-element-85aadca elementor-widget elementor-widget-text-editor\" data-id=\"85aadca\" data-element_type=\"widget\" data-e-type=\"widget\" data-widget_type=\"text-editor.default\">\n\t\t\t\t\t\t\t\t\t<h3><b>$347<\/b><\/h3>\n<p><span style=\"font-weight: 400;\">(284 g.)<\/span><span style=\"text-align: var(--text-align);\">Un cl\u00e1sico de Inglaterra&#8230;Tiras de pescado capeadas y servidas con curly fries, ensalada de col, lim\u00f3n y salsa tartara.  <\/span><\/p>\n\t\t\t\t\t\t\t\t<\/div>\n\t\t\t\t<\/div>\n\t\t<div class=\"elementor-element elementor-element-0ce6378 e-con-full e-flex e-con e-child\" data-id=\"0ce6378\" data-element_type=\"container\" data-e-type=\"container\">\n\t\t\t\t<div class=\"elementor-element elementor-element-7666386 elementor-widget elementor-widget-image\" data-id=\"7666386\" data-element_type=\"widget\" data-e-type=\"widget\" data-widget_type=\"image.default\">\n\t\t\t\t\t\t\t\t\t\t\t\t\t\t\t<img decoding=\"async\" width=\"500\" height=\"500\" src=\"https:\/\/hooterscancun.com\/wp-content\/uploads\/2024\/10\/MARISCOS_STEAMED-SHRIMPS_500X500.webp\" class=\"attachment-large size-large wp-image-1086\" alt=\"Mariscos - Steamed Shrimps - Hooters Canc\u00fan\" srcset=\"https:\/\/hooterscancun.com\/wp-content\/uploads\/2024\/10\/MARISCOS_STEAMED-SHRIMPS_500X500.webp 500w, https:\/\/hooterscancun.com\/wp-content\/uploads\/2024\/10\/MARISCOS_STEAMED-SHRIMPS_500X500-300x300.webp 300w, https:\/\/hooterscancun.com\/wp-content\/uploads\/2024\/10\/MARISCOS_STEAMED-SHRIMPS_500X500-150x150.webp 150w\" sizes=\"(max-width: 500px) 100vw, 500px\" \/>\t\t\t\t\t\t\t\t\t\t\t\t\t\t\t<\/div>\n\t\t\t\t<div class=\"elementor-element elementor-element-dfbd7b4 elementor-widget elementor-widget-heading\" data-id=\"dfbd7b4\" data-element_type=\"widget\" data-e-type=\"widget\" data-widget_type=\"heading.default\">\n\t\t\t\t\t<h3 class=\"elementor-heading-title elementor-size-default\">STEAMED SHRIMP<\/h3>\t\t\t\t<\/div>\n\t\t\t\t<div class=\"elementor-element elementor-element-461a71d elementor-widget elementor-widget-text-editor\" data-id=\"461a71d\" data-element_type=\"widget\" data-e-type=\"widget\" data-widget_type=\"text-editor.default\">\n\t\t\t\t\t\t\t\t\t<h3><b>$389<\/b><\/h3>\n<p><span style=\"font-weight: 400;\">(240 g.) Generosa porci\u00f3n de camarones cocidos al vapor y listos para pelar, servidos con salsa cocktail y mantequilla derretida. <\/span><\/p>\n\t\t\t\t\t\t\t\t<\/div>\n\t\t\t\t<\/div>\n\t\t<div class=\"elementor-element elementor-element-2d64d0a e-con-full e-flex e-con e-child\" data-id=\"2d64d0a\" data-element_type=\"container\" data-e-type=\"container\">\n\t\t\t\t<div class=\"elementor-element elementor-element-2f1a6ef elementor-widget elementor-widget-image\" data-id=\"2f1a6ef\" data-element_type=\"widget\" data-e-type=\"widget\" data-widget_type=\"image.default\">\n\t\t\t\t\t\t\t\t\t\t\t\t\t\t\t<img decoding=\"async\" width=\"500\" height=\"500\" src=\"https:\/\/hooterscancun.com\/wp-content\/uploads\/2024\/10\/MARISCOS_BAJA-FISH-TACOS_500X500_2.webp\" class=\"attachment-large size-large wp-image-1082\" alt=\"Mariscos - Baja Fish - Hooters Canc\u00fan\" srcset=\"https:\/\/hooterscancun.com\/wp-content\/uploads\/2024\/10\/MARISCOS_BAJA-FISH-TACOS_500X500_2.webp 500w, https:\/\/hooterscancun.com\/wp-content\/uploads\/2024\/10\/MARISCOS_BAJA-FISH-TACOS_500X500_2-300x300.webp 300w, https:\/\/hooterscancun.com\/wp-content\/uploads\/2024\/10\/MARISCOS_BAJA-FISH-TACOS_500X500_2-150x150.webp 150w\" sizes=\"(max-width: 500px) 100vw, 500px\" \/>\t\t\t\t\t\t\t\t\t\t\t\t\t\t\t<\/div>\n\t\t\t\t<div class=\"elementor-element elementor-element-8caef71 elementor-widget elementor-widget-heading\" data-id=\"8caef71\" data-element_type=\"widget\" data-e-type=\"widget\" data-widget_type=\"heading.default\">\n\t\t\t\t\t<h3 class=\"elementor-heading-title elementor-size-default\">BAJA FISH TACOS<\/h3>\t\t\t\t<\/div>\n\t\t\t\t<div class=\"elementor-element elementor-element-813f73d elementor-widget elementor-widget-text-editor\" data-id=\"813f73d\" data-element_type=\"widget\" data-e-type=\"widget\" data-widget_type=\"text-editor.default\">\n\t\t\t\t\t\t\t\t\t<h3><b>$294 <\/b><\/h3>\n<p><span style=\"font-weight: 400;\">(212 G.) Tres tacos de pescado capeados y servidos en tortilla de harina con pico de gallo, col y salsa especial.  <\/span><\/p>\n\t\t\t\t\t\t\t\t<\/div>\n\t\t\t\t<\/div>\n\t\t<div class=\"elementor-element elementor-element-d80d055 e-con-full e-flex e-con e-child\" data-id=\"d80d055\" data-element_type=\"container\" data-e-type=\"container\">\n\t\t\t\t<div class=\"elementor-element elementor-element-99ddc7b elementor-widget elementor-widget-image\" data-id=\"99ddc7b\" data-element_type=\"widget\" data-e-type=\"widget\" data-widget_type=\"image.default\">\n\t\t\t\t\t\t\t\t\t\t\t\t\t\t\t<img loading=\"lazy\" decoding=\"async\" width=\"500\" height=\"500\" src=\"https:\/\/hooterscancun.com\/wp-content\/uploads\/2024\/10\/MARISCOS_BAJA-SHRIMP-TACOS_500X500.webp\" class=\"attachment-large size-large wp-image-1083\" alt=\"Mariscos - Baja Shrimp - Hooters Canc\u00fan\" srcset=\"https:\/\/hooterscancun.com\/wp-content\/uploads\/2024\/10\/MARISCOS_BAJA-SHRIMP-TACOS_500X500.webp 500w, https:\/\/hooterscancun.com\/wp-content\/uploads\/2024\/10\/MARISCOS_BAJA-SHRIMP-TACOS_500X500-300x300.webp 300w, https:\/\/hooterscancun.com\/wp-content\/uploads\/2024\/10\/MARISCOS_BAJA-SHRIMP-TACOS_500X500-150x150.webp 150w\" sizes=\"(max-width: 500px) 100vw, 500px\" \/>\t\t\t\t\t\t\t\t\t\t\t\t\t\t\t<\/div>\n\t\t\t\t<div class=\"elementor-element elementor-element-0f6b949 elementor-widget elementor-widget-heading\" data-id=\"0f6b949\" data-element_type=\"widget\" data-e-type=\"widget\" data-widget_type=\"heading.default\">\n\t\t\t\t\t<h3 class=\"elementor-heading-title elementor-size-default\">BAJA SHIRMP TACOS<\/h3>\t\t\t\t<\/div>\n\t\t\t\t<div class=\"elementor-element elementor-element-c0c838a elementor-widget elementor-widget-text-editor\" data-id=\"c0c838a\" data-element_type=\"widget\" data-e-type=\"widget\" data-widget_type=\"text-editor.default\">\n\t\t\t\t\t\t\t\t\t<h3><b>$304<\/b><\/h3>\n<p><span style=\"font-weight: 400;\">(130 g.) Tacos de camar\u00f3n sazonado a la parrilla con pico de gallo, col y aderezo especial, en tortilla de harina. <\/span><span style=\"font-weight: 400;\">.  <\/span><\/p>\n\t\t\t\t\t\t\t\t<\/div>\n\t\t\t\t<\/div>\n\t\t<div class=\"elementor-element elementor-element-35e83c0 e-con-full e-flex e-con e-child\" data-id=\"35e83c0\" data-element_type=\"container\" data-e-type=\"container\">\n\t\t\t\t<div class=\"elementor-element elementor-element-3cf88b0 elementor-widget elementor-widget-image\" data-id=\"3cf88b0\" data-element_type=\"widget\" data-e-type=\"widget\" data-widget_type=\"image.default\">\n\t\t\t\t\t\t\t\t\t\t\t\t\t\t\t<img loading=\"lazy\" decoding=\"async\" width=\"500\" height=\"500\" src=\"https:\/\/hooterscancun.com\/wp-content\/uploads\/2024\/10\/PLATILLOS_3-MILE-SHRIMP_500X500.webp\" class=\"attachment-large size-large wp-image-1132\" alt=\"3 Mile Shrimp - Hooters Cancun\" srcset=\"https:\/\/hooterscancun.com\/wp-content\/uploads\/2024\/10\/PLATILLOS_3-MILE-SHRIMP_500X500.webp 500w, https:\/\/hooterscancun.com\/wp-content\/uploads\/2024\/10\/PLATILLOS_3-MILE-SHRIMP_500X500-300x300.webp 300w, https:\/\/hooterscancun.com\/wp-content\/uploads\/2024\/10\/PLATILLOS_3-MILE-SHRIMP_500X500-150x150.webp 150w\" sizes=\"(max-width: 500px) 100vw, 500px\" \/>\t\t\t\t\t\t\t\t\t\t\t\t\t\t\t<\/div>\n\t\t\t\t<div class=\"elementor-element elementor-element-010daf8 elementor-widget elementor-widget-heading\" data-id=\"010daf8\" data-element_type=\"widget\" data-e-type=\"widget\" data-widget_type=\"heading.default\">\n\t\t\t\t\t<h3 class=\"elementor-heading-title elementor-size-default\">3 MILE SHRIMP<\/h3>\t\t\t\t<\/div>\n\t\t\t\t<div class=\"elementor-element elementor-element-3eda9fe elementor-widget elementor-widget-text-editor\" data-id=\"3eda9fe\" data-element_type=\"widget\" data-e-type=\"widget\" data-widget_type=\"text-editor.default\">\n\t\t\t\t\t\t\t\t\t<h3><b>$394<\/b><\/h3>\n<p><span style=\"font-weight: 400;\">(270 g.) <\/span><span style=\"text-align: var(--text-align);\">Camarones a la plancha ba\u00f1ados con nuestra deliciosa salsa 3 Mile, acompa\u00f1ados con nuestro aderezo Ranch hecho en casa.<\/span><\/p>\n\t\t\t\t\t\t\t\t<\/div>\n\t\t\t\t<\/div>\n\t\t\t\t\t<\/div>\n\t\t\t\t<\/div>\n\t\t<div class=\"elementor-element elementor-element-e2637c1 e-flex e-con-boxed e-con e-child\" data-id=\"e2637c1\" data-element_type=\"container\" data-e-type=\"container\">\n\t\t\t\t\t<div class=\"e-con-inner\">\n\t\t\t\t<div class=\"elementor-element elementor-element-fc2c822 elementor-widget elementor-widget-text-editor\" data-id=\"fc2c822\" data-element_type=\"widget\" data-e-type=\"widget\" data-widget_type=\"text-editor.default\">\n\t\t\t\t\t\t\t\t\t<p>*Los pesos de las prote\u00edna son antes de cocci\u00f3n, los cuales pueden variar seg\u00fan el tiempo termino de su elecci\u00f3n. Nuestras hamburguesas y carnes pueden ser cocinados a su elecci\u00f3n, las carnes crudas o poco cocidas, como el cerdo, pescado, mariscos o huevos frescos pueden aumentar el riesgo de enfermedad causada por alimentos, sobretodo si usted tiene ciertas condiciones medicas. <\/p>\n\t\t\t\t\t\t\t\t<\/div>\n\t\t\t\t<div class=\"elementor-element elementor-element-13cda26 elementor-align-center elementor-widget__width-auto elementor-invisible elementor-widget elementor-widget-button\" data-id=\"13cda26\" data-element_type=\"widget\" data-e-type=\"widget\" data-settings=\"{&quot;_animation&quot;:&quot;bounceIn&quot;}\" data-widget_type=\"button.default\">\n\t\t\t\t\t\t\t\t\t\t<a class=\"elementor-button elementor-button-link elementor-size-sm\" href=\"https:\/\/hooterscancun.com\/es\/menu\/\">\n\t\t\t\t\t\t<span class=\"elementor-button-content-wrapper\">\n\t\t\t\t\t\t\t\t\t<span class=\"elementor-button-text\">Regresar al Men\u00fa<\/span>\n\t\t\t\t\t<\/span>\n\t\t\t\t\t<\/a>\n\t\t\t\t\t\t\t\t<\/div>\n\t\t\t\t\t<\/div>\n\t\t\t\t<\/div>\n\t\t\t\t<\/div>\n\t\t","protected":false},"excerpt":{"rendered":"<p>Mariscos \u00a1Nuevo! CALAMARI &amp; SHRIMP $324 (Camar\u00f3n 170 g.\/ Calamar 280 g.)Aros de calamar y camarones fritos, capeados con nuestra harina especial y servidos con tr\u00edo de salsas: Marinara, Tamarindo Picosito y T\u00e1rtara. Acompa\u00f1ado con lima y limon. FISH &amp; CHIPS $347 (284 g.)Un cl\u00e1sico de Inglaterra&#8230;Tiras de pescado capeadas y servidas con curly fries, [&hellip;]<\/p>\n","protected":false},"author":1,"featured_media":0,"parent":2036,"menu_order":0,"comment_status":"closed","ping_status":"closed","template":"elementor_header_footer","meta":{"footnotes":""},"class_list":["post-2046","page","type-page","status-publish","hentry"],"aioseo_notices":[],"_links":{"self":[{"href":"https:\/\/hooterscancun.com\/es\/wp-json\/wp\/v2\/pages\/2046","targetHints":{"allow":["GET"]}}],"collection":[{"href":"https:\/\/hooterscancun.com\/es\/wp-json\/wp\/v2\/pages"}],"about":[{"href":"https:\/\/hooterscancun.com\/es\/wp-json\/wp\/v2\/types\/page"}],"author":[{"embeddable":true,"href":"https:\/\/hooterscancun.com\/es\/wp-json\/wp\/v2\/users\/1"}],"replies":[{"embeddable":true,"href":"https:\/\/hooterscancun.com\/es\/wp-json\/wp\/v2\/comments?post=2046"}],"version-history":[{"count":3,"href":"https:\/\/hooterscancun.com\/es\/wp-json\/wp\/v2\/pages\/2046\/revisions"}],"predecessor-version":[{"id":3191,"href":"https:\/\/hooterscancun.com\/es\/wp-json\/wp\/v2\/pages\/2046\/revisions\/3191"}],"up":[{"embeddable":true,"href":"https:\/\/hooterscancun.com\/es\/wp-json\/wp\/v2\/pages\/2036"}],"wp:attachment":[{"href":"https:\/\/hooterscancun.com\/es\/wp-json\/wp\/v2\/media?parent=2046"}],"curies":[{"name":"wp","href":"https:\/\/api.w.org\/{rel}","templated":true}]}}