{"id":2041,"date":"2024-10-02T22:24:35","date_gmt":"2024-10-03T03:24:35","guid":{"rendered":"https:\/\/hooterscancun.com\/menu\/acompanantes\/"},"modified":"2025-10-23T13:52:57","modified_gmt":"2025-10-23T18:52:57","slug":"acompanantes","status":"publish","type":"page","link":"https:\/\/hooterscancun.com\/es\/menu\/acompanantes\/","title":{"rendered":"Acompa\u00f1antes"},"content":{"rendered":"\t\t<div data-elementor-type=\"wp-page\" data-elementor-id=\"2041\" class=\"elementor elementor-2041 elementor-728\" data-elementor-post-type=\"page\">\n\t\t\t\t<div class=\"elementor-element elementor-element-ea45abc e-flex e-con-boxed e-con e-parent\" data-id=\"ea45abc\" data-element_type=\"container\" data-e-type=\"container\" data-settings=\"{&quot;background_background&quot;:&quot;video&quot;,&quot;background_video_link&quot;:&quot;https:\\\/\\\/youtu.be\\\/RK9GtyZNaJs&quot;,&quot;background_video_end&quot;:0,&quot;background_play_on_mobile&quot;:&quot;yes&quot;}\">\n\t\t\t\t\t<div class=\"e-con-inner\">\n\t\t<div class=\"elementor-background-video-container\">\n\t\t\t\t\t\t\t<div class=\"elementor-background-video-embed\" role=\"presentation\"><\/div>\n\t\t\t\t\t\t<\/div>\t\t<div class=\"elementor-element elementor-element-027a326 elementor-widget elementor-widget-heading\" data-id=\"027a326\" data-element_type=\"widget\" data-e-type=\"widget\" data-settings=\"{&quot;motion_fx_motion_fx_scrolling&quot;:&quot;yes&quot;,&quot;motion_fx_translateY_effect&quot;:&quot;yes&quot;,&quot;motion_fx_translateY_direction&quot;:&quot;negative&quot;,&quot;motion_fx_translateY_speed&quot;:{&quot;unit&quot;:&quot;px&quot;,&quot;size&quot;:1,&quot;sizes&quot;:[]},&quot;motion_fx_translateY_affectedRange&quot;:{&quot;unit&quot;:&quot;%&quot;,&quot;size&quot;:&quot;&quot;,&quot;sizes&quot;:{&quot;start&quot;:20,&quot;end&quot;:85}},&quot;motion_fx_opacity_effect&quot;:&quot;yes&quot;,&quot;motion_fx_opacity_direction&quot;:&quot;in-out&quot;,&quot;motion_fx_opacity_level&quot;:{&quot;unit&quot;:&quot;px&quot;,&quot;size&quot;:7,&quot;sizes&quot;:[]},&quot;motion_fx_opacity_range&quot;:{&quot;unit&quot;:&quot;%&quot;,&quot;size&quot;:&quot;&quot;,&quot;sizes&quot;:{&quot;start&quot;:64,&quot;end&quot;:94}},&quot;motion_fx_blur_effect&quot;:&quot;yes&quot;,&quot;motion_fx_blur_direction&quot;:&quot;in-out&quot;,&quot;motion_fx_blur_range&quot;:{&quot;unit&quot;:&quot;%&quot;,&quot;size&quot;:&quot;&quot;,&quot;sizes&quot;:{&quot;start&quot;:68,&quot;end&quot;:92}},&quot;motion_fx_blur_level&quot;:{&quot;unit&quot;:&quot;px&quot;,&quot;size&quot;:7,&quot;sizes&quot;:[]},&quot;motion_fx_devices&quot;:[&quot;desktop&quot;,&quot;tablet&quot;,&quot;mobile&quot;]}\" data-widget_type=\"heading.default\">\n\t\t\t\t\t<h1 class=\"elementor-heading-title elementor-size-default\">Acompa\u00f1antes<\/h1>\t\t\t\t<\/div>\n\t\t\t\t\t<\/div>\n\t\t\t\t<\/div>\n\t\t<div class=\"elementor-element elementor-element-c5f94ea e-grid e-con-boxed e-con e-parent\" data-id=\"c5f94ea\" data-element_type=\"container\" data-e-type=\"container\">\n\t\t\t\t\t<div class=\"e-con-inner\">\n\t\t<div class=\"elementor-element elementor-element-3e7087c e-con-full e-flex e-con e-child\" data-id=\"3e7087c\" data-element_type=\"container\" data-e-type=\"container\">\n\t\t\t\t<div class=\"elementor-element elementor-element-aa0d8e7 elementor-widget elementor-widget-image\" data-id=\"aa0d8e7\" data-element_type=\"widget\" data-e-type=\"widget\" data-widget_type=\"image.default\">\n\t\t\t\t\t\t\t\t\t\t\t\t\t\t\t<img fetchpriority=\"high\" decoding=\"async\" width=\"500\" height=\"500\" src=\"https:\/\/hooterscancun.com\/wp-content\/uploads\/2024\/10\/SOPA_HOOTERS-CHILI-500X500.webp\" class=\"attachment-full size-full wp-image-1193\" alt=\"Sopa Hooters Chili - Hooters Cancun\" srcset=\"https:\/\/hooterscancun.com\/wp-content\/uploads\/2024\/10\/SOPA_HOOTERS-CHILI-500X500.webp 500w, https:\/\/hooterscancun.com\/wp-content\/uploads\/2024\/10\/SOPA_HOOTERS-CHILI-500X500-300x300.webp 300w, https:\/\/hooterscancun.com\/wp-content\/uploads\/2024\/10\/SOPA_HOOTERS-CHILI-500X500-150x150.webp 150w\" sizes=\"(max-width: 500px) 100vw, 500px\" \/>\t\t\t\t\t\t\t\t\t\t\t\t\t\t\t<\/div>\n\t\t\t\t<div class=\"elementor-element elementor-element-73fd48c elementor-widget elementor-widget-heading\" data-id=\"73fd48c\" data-element_type=\"widget\" data-e-type=\"widget\" data-widget_type=\"heading.default\">\n\t\t\t\t\t<h3 class=\"elementor-heading-title elementor-size-default\">HOOTERS CHILI<\/h3>\t\t\t\t<\/div>\n\t\t\t\t<div class=\"elementor-element elementor-element-c12704e elementor-widget elementor-widget-text-editor\" data-id=\"c12704e\" data-element_type=\"widget\" data-e-type=\"widget\" data-widget_type=\"text-editor.default\">\n\t\t\t\t\t\t\t\t\t<h3><strong><b>$159<\/b>  <\/strong><\/h3>\n<p><span style=\"font-weight: 400;\">(295 ml.) <\/span>Nuestra receta tradicional con queso cheddar y cebolla.<\/p>\n\t\t\t\t\t\t\t\t<\/div>\n\t\t\t\t<\/div>\n\t\t<div class=\"elementor-element elementor-element-8033330 e-con-full e-flex e-con e-child\" data-id=\"8033330\" data-element_type=\"container\" data-e-type=\"container\">\n\t\t\t\t<div class=\"elementor-element elementor-element-2c770a8 elementor-widget elementor-widget-image\" data-id=\"2c770a8\" data-element_type=\"widget\" data-e-type=\"widget\" data-widget_type=\"image.default\">\n\t\t\t\t\t\t\t\t\t\t\t\t\t\t\t<img decoding=\"async\" width=\"500\" height=\"500\" src=\"https:\/\/hooterscancun.com\/wp-content\/uploads\/2024\/10\/ACOMPANANTES_CURLY-FRIES_500X500.webp\" class=\"attachment-large size-large wp-image-1105\" alt=\"Curly Fries - Hooters Cancun\" srcset=\"https:\/\/hooterscancun.com\/wp-content\/uploads\/2024\/10\/ACOMPANANTES_CURLY-FRIES_500X500.webp 500w, https:\/\/hooterscancun.com\/wp-content\/uploads\/2024\/10\/ACOMPANANTES_CURLY-FRIES_500X500-300x300.webp 300w, https:\/\/hooterscancun.com\/wp-content\/uploads\/2024\/10\/ACOMPANANTES_CURLY-FRIES_500X500-150x150.webp 150w\" sizes=\"(max-width: 500px) 100vw, 500px\" \/>\t\t\t\t\t\t\t\t\t\t\t\t\t\t\t<\/div>\n\t\t\t\t<div class=\"elementor-element elementor-element-fc6a08a elementor-widget elementor-widget-heading\" data-id=\"fc6a08a\" data-element_type=\"widget\" data-e-type=\"widget\" data-widget_type=\"heading.default\">\n\t\t\t\t\t<h3 class=\"elementor-heading-title elementor-size-default\">CURLY FRIES<\/h3>\t\t\t\t<\/div>\n\t\t\t\t<div class=\"elementor-element elementor-element-85aadca elementor-widget elementor-widget-text-editor\" data-id=\"85aadca\" data-element_type=\"widget\" data-e-type=\"widget\" data-widget_type=\"text-editor.default\">\n\t\t\t\t\t\t\t\t\t<h3><b>$124<\/b><\/h3>\n<p><span style=\"font-weight: 400;\">(340 g.) <\/span><\/p>\n\t\t\t\t\t\t\t\t<\/div>\n\t\t\t\t<\/div>\n\t\t<div class=\"elementor-element elementor-element-d80d055 e-con-full e-flex e-con e-child\" data-id=\"d80d055\" data-element_type=\"container\" data-e-type=\"container\">\n\t\t\t\t<div class=\"elementor-element elementor-element-99ddc7b elementor-widget elementor-widget-image\" data-id=\"99ddc7b\" data-element_type=\"widget\" data-e-type=\"widget\" data-widget_type=\"image.default\">\n\t\t\t\t\t\t\t\t\t\t\t\t\t\t\t<img decoding=\"async\" width=\"500\" height=\"500\" src=\"https:\/\/hooterscancun.com\/wp-content\/uploads\/2024\/10\/ACOMPANANTES_CHILLI-CHEESE-FRIES_500X500.webp\" class=\"attachment-large size-large wp-image-1104\" alt=\"Chilli Chesse Fries - Hooters Cancun\" srcset=\"https:\/\/hooterscancun.com\/wp-content\/uploads\/2024\/10\/ACOMPANANTES_CHILLI-CHEESE-FRIES_500X500.webp 500w, https:\/\/hooterscancun.com\/wp-content\/uploads\/2024\/10\/ACOMPANANTES_CHILLI-CHEESE-FRIES_500X500-300x300.webp 300w, https:\/\/hooterscancun.com\/wp-content\/uploads\/2024\/10\/ACOMPANANTES_CHILLI-CHEESE-FRIES_500X500-150x150.webp 150w\" sizes=\"(max-width: 500px) 100vw, 500px\" \/>\t\t\t\t\t\t\t\t\t\t\t\t\t\t\t<\/div>\n\t\t\t\t<div class=\"elementor-element elementor-element-0f6b949 elementor-widget elementor-widget-heading\" data-id=\"0f6b949\" data-element_type=\"widget\" data-e-type=\"widget\" data-widget_type=\"heading.default\">\n\t\t\t\t\t<h3 class=\"elementor-heading-title elementor-size-default\">CHILLI CHEESE FRIES<\/h3>\t\t\t\t<\/div>\n\t\t\t\t<div class=\"elementor-element elementor-element-c0c838a elementor-widget elementor-widget-text-editor\" data-id=\"c0c838a\" data-element_type=\"widget\" data-e-type=\"widget\" data-widget_type=\"text-editor.default\">\n\t\t\t\t\t\t\t\t\t<h3><b> $179<\/b><\/h3>\n<p><span style=\"font-weight: 400;\">(340 g.) <\/span><strong>Curly fries cubiertas con salsa de queso, chilli, crema \u00e1cida y ceboll\u00edn.<\/strong><\/p>\n\t\t\t\t\t\t\t\t<\/div>\n\t\t\t\t<\/div>\n\t\t<div class=\"elementor-element elementor-element-9f78549 e-con-full e-flex e-con e-child\" data-id=\"9f78549\" data-element_type=\"container\" data-e-type=\"container\">\n\t\t\t\t<div class=\"elementor-element elementor-element-b9612ef elementor-widget elementor-widget-image\" data-id=\"b9612ef\" data-element_type=\"widget\" data-e-type=\"widget\" data-widget_type=\"image.default\">\n\t\t\t\t\t\t\t\t\t\t\t\t\t\t\t<img loading=\"lazy\" decoding=\"async\" width=\"500\" height=\"500\" src=\"https:\/\/hooterscancun.com\/wp-content\/uploads\/2024\/10\/ACOMPANANTES_ELOTE-DULCE_500X500.webp\" class=\"attachment-large size-large wp-image-1106\" alt=\"\" srcset=\"https:\/\/hooterscancun.com\/wp-content\/uploads\/2024\/10\/ACOMPANANTES_ELOTE-DULCE_500X500.webp 500w, https:\/\/hooterscancun.com\/wp-content\/uploads\/2024\/10\/ACOMPANANTES_ELOTE-DULCE_500X500-300x300.webp 300w, https:\/\/hooterscancun.com\/wp-content\/uploads\/2024\/10\/ACOMPANANTES_ELOTE-DULCE_500X500-150x150.webp 150w\" sizes=\"(max-width: 500px) 100vw, 500px\" \/>\t\t\t\t\t\t\t\t\t\t\t\t\t\t\t<\/div>\n\t\t\t\t<div class=\"elementor-element elementor-element-c9672bd elementor-widget elementor-widget-heading\" data-id=\"c9672bd\" data-element_type=\"widget\" data-e-type=\"widget\" data-widget_type=\"heading.default\">\n\t\t\t\t\t<h3 class=\"elementor-heading-title elementor-size-default\">ELOTE DULCE <\/h3>\t\t\t\t<\/div>\n\t\t\t\t<div class=\"elementor-element elementor-element-08ea0ef elementor-widget elementor-widget-text-editor\" data-id=\"08ea0ef\" data-element_type=\"widget\" data-e-type=\"widget\" data-widget_type=\"text-editor.default\">\n\t\t\t\t\t\t\t\t\t<h3><b>$92<\/b><\/h3>\n<p><span style=\"font-weight: 400;\">(285 g.)<\/span><\/p>\n\t\t\t\t\t\t\t\t<\/div>\n\t\t\t\t<\/div>\n\t\t<div class=\"elementor-element elementor-element-7d391da e-con-full e-flex e-con e-child\" data-id=\"7d391da\" data-element_type=\"container\" data-e-type=\"container\">\n\t\t\t\t<div class=\"elementor-element elementor-element-6120729 elementor-widget elementor-widget-image\" data-id=\"6120729\" data-element_type=\"widget\" data-e-type=\"widget\" data-widget_type=\"image.default\">\n\t\t\t\t\t\t\t\t\t\t\t\t\t\t\t<img loading=\"lazy\" decoding=\"async\" width=\"500\" height=\"500\" src=\"https:\/\/hooterscancun.com\/wp-content\/uploads\/2024\/10\/Acompanante-PURE-DE-PAPA.webp\" class=\"attachment-large size-large wp-image-1519\" alt=\"Pure de Papa - Hooters Cancun\" srcset=\"https:\/\/hooterscancun.com\/wp-content\/uploads\/2024\/10\/Acompanante-PURE-DE-PAPA.webp 500w, https:\/\/hooterscancun.com\/wp-content\/uploads\/2024\/10\/Acompanante-PURE-DE-PAPA-300x300.webp 300w, https:\/\/hooterscancun.com\/wp-content\/uploads\/2024\/10\/Acompanante-PURE-DE-PAPA-150x150.webp 150w\" sizes=\"(max-width: 500px) 100vw, 500px\" \/>\t\t\t\t\t\t\t\t\t\t\t\t\t\t\t<\/div>\n\t\t\t\t<div class=\"elementor-element elementor-element-ccd763a elementor-widget elementor-widget-heading\" data-id=\"ccd763a\" data-element_type=\"widget\" data-e-type=\"widget\" data-widget_type=\"heading.default\">\n\t\t\t\t\t<h3 class=\"elementor-heading-title elementor-size-default\">PUR\u00c9 DE PAPA<\/h3>\t\t\t\t<\/div>\n\t\t\t\t<div class=\"elementor-element elementor-element-b1bf2e3 elementor-widget elementor-widget-text-editor\" data-id=\"b1bf2e3\" data-element_type=\"widget\" data-e-type=\"widget\" data-widget_type=\"text-editor.default\">\n\t\t\t\t\t\t\t\t\t<h3><b>$109<\/b><\/h3>\n<p><span style=\"font-weight: 400;\">(170 g.) <\/span>Hecho en casa adornado con tocino picado y ceboll\u00edn.<\/p>\n\t\t\t\t\t\t\t\t<\/div>\n\t\t\t\t<\/div>\n\t\t<div class=\"elementor-element elementor-element-34772c2 e-con-full e-flex e-con e-child\" data-id=\"34772c2\" data-element_type=\"container\" data-e-type=\"container\">\n\t\t\t\t<div class=\"elementor-element elementor-element-6e52bf9 elementor-widget elementor-widget-image\" data-id=\"6e52bf9\" data-element_type=\"widget\" data-e-type=\"widget\" data-widget_type=\"image.default\">\n\t\t\t\t\t\t\t\t\t\t\t\t\t\t\t<img loading=\"lazy\" decoding=\"async\" width=\"500\" height=\"500\" src=\"https:\/\/hooterscancun.com\/wp-content\/uploads\/2024\/10\/ACOMPANANTES_VEGETALES-AL-VAPOR_500X500.webp\" class=\"attachment-large size-large wp-image-1108\" alt=\"Vegetales al Vapor - Hooters Cancun\" srcset=\"https:\/\/hooterscancun.com\/wp-content\/uploads\/2024\/10\/ACOMPANANTES_VEGETALES-AL-VAPOR_500X500.webp 500w, https:\/\/hooterscancun.com\/wp-content\/uploads\/2024\/10\/ACOMPANANTES_VEGETALES-AL-VAPOR_500X500-300x300.webp 300w, https:\/\/hooterscancun.com\/wp-content\/uploads\/2024\/10\/ACOMPANANTES_VEGETALES-AL-VAPOR_500X500-150x150.webp 150w\" sizes=\"(max-width: 500px) 100vw, 500px\" \/>\t\t\t\t\t\t\t\t\t\t\t\t\t\t\t<\/div>\n\t\t\t\t<div class=\"elementor-element elementor-element-989e178 elementor-widget elementor-widget-heading\" data-id=\"989e178\" data-element_type=\"widget\" data-e-type=\"widget\" data-widget_type=\"heading.default\">\n\t\t\t\t\t<h3 class=\"elementor-heading-title elementor-size-default\">VEGETALES AL VAPOR<\/h3>\t\t\t\t<\/div>\n\t\t\t\t<div class=\"elementor-element elementor-element-b85a509 elementor-widget elementor-widget-text-editor\" data-id=\"b85a509\" data-element_type=\"widget\" data-e-type=\"widget\" data-widget_type=\"text-editor.default\">\n\t\t\t\t\t\t\t\t\t<h3><span style=\"font-weight: 400;\">$74<\/span><\/h3>\n<p><span style=\"font-weight: 400;\">(170 g.)<\/span><\/p>\n\t\t\t\t\t\t\t\t<\/div>\n\t\t\t\t<\/div>\n\t\t\t\t\t<\/div>\n\t\t\t\t<\/div>\n\t\t<div class=\"elementor-element elementor-element-ecd1d0b e-flex e-con-boxed e-con e-child\" data-id=\"ecd1d0b\" data-element_type=\"container\" data-e-type=\"container\">\n\t\t\t\t\t<div class=\"e-con-inner\">\n\t\t\t\t<div class=\"elementor-element elementor-element-520f41c elementor-widget elementor-widget-text-editor\" data-id=\"520f41c\" data-element_type=\"widget\" data-e-type=\"widget\" data-widget_type=\"text-editor.default\">\n\t\t\t\t\t\t\t\t\t<p>*Los pesos de las prote\u00edna son antes de cocci\u00f3n, los cuales pueden variar seg\u00fan el tiempo termino de su elecci\u00f3n. Nuestras hamburguesas y carnes pueden ser cocinados a su elecci\u00f3n, las carnes crudas o poco cocidas, como el cerdo, pescado, mariscos o huevos frescos pueden aumentar el riesgo de enfermedad causada por alimentos, sobretodo si usted tiene ciertas condiciones medicas. <\/p>\n\t\t\t\t\t\t\t\t<\/div>\n\t\t\t\t<div class=\"elementor-element elementor-element-5b84cfc elementor-align-center elementor-widget__width-auto elementor-invisible elementor-widget elementor-widget-button\" data-id=\"5b84cfc\" data-element_type=\"widget\" data-e-type=\"widget\" data-settings=\"{&quot;_animation&quot;:&quot;bounceIn&quot;}\" data-widget_type=\"button.default\">\n\t\t\t\t\t\t\t\t\t\t<a class=\"elementor-button elementor-button-link elementor-size-sm\" href=\"https:\/\/hooterscancun.com\/es\/menu\/\">\n\t\t\t\t\t\t<span class=\"elementor-button-content-wrapper\">\n\t\t\t\t\t\t\t\t\t<span class=\"elementor-button-text\">Regresar al Men\u00fa<\/span>\n\t\t\t\t\t<\/span>\n\t\t\t\t\t<\/a>\n\t\t\t\t\t\t\t\t<\/div>\n\t\t\t\t\t<\/div>\n\t\t\t\t<\/div>\n\t\t\t\t<\/div>\n\t\t","protected":false},"excerpt":{"rendered":"<p>Acompa\u00f1antes HOOTERS CHILI $159 (295 ml.) Nuestra receta tradicional con queso cheddar y cebolla. CURLY FRIES $124 (340 g.) CHILLI CHEESE FRIES $179 (340 g.) Curly fries cubiertas con salsa de queso, chilli, crema \u00e1cida y ceboll\u00edn. ELOTE DULCE $92 (285 g.) PUR\u00c9 DE PAPA $109 (170 g.) Hecho en casa adornado con tocino picado [&hellip;]<\/p>\n","protected":false},"author":1,"featured_media":0,"parent":2036,"menu_order":0,"comment_status":"closed","ping_status":"closed","template":"elementor_header_footer","meta":{"footnotes":""},"class_list":["post-2041","page","type-page","status-publish","hentry"],"aioseo_notices":[],"_links":{"self":[{"href":"https:\/\/hooterscancun.com\/es\/wp-json\/wp\/v2\/pages\/2041","targetHints":{"allow":["GET"]}}],"collection":[{"href":"https:\/\/hooterscancun.com\/es\/wp-json\/wp\/v2\/pages"}],"about":[{"href":"https:\/\/hooterscancun.com\/es\/wp-json\/wp\/v2\/types\/page"}],"author":[{"embeddable":true,"href":"https:\/\/hooterscancun.com\/es\/wp-json\/wp\/v2\/users\/1"}],"replies":[{"embeddable":true,"href":"https:\/\/hooterscancun.com\/es\/wp-json\/wp\/v2\/comments?post=2041"}],"version-history":[{"count":4,"href":"https:\/\/hooterscancun.com\/es\/wp-json\/wp\/v2\/pages\/2041\/revisions"}],"predecessor-version":[{"id":3170,"href":"https:\/\/hooterscancun.com\/es\/wp-json\/wp\/v2\/pages\/2041\/revisions\/3170"}],"up":[{"embeddable":true,"href":"https:\/\/hooterscancun.com\/es\/wp-json\/wp\/v2\/pages\/2036"}],"wp:attachment":[{"href":"https:\/\/hooterscancun.com\/es\/wp-json\/wp\/v2\/media?parent=2041"}],"curies":[{"name":"wp","href":"https:\/\/api.w.org\/{rel}","templated":true}]}}