{"id":1836,"date":"2024-10-01T19:41:43","date_gmt":"2024-10-02T00:41:43","guid":{"rendered":"https:\/\/hooterscancun.com\/entradas\/"},"modified":"2026-03-13T12:14:16","modified_gmt":"2026-03-13T17:14:16","slug":"entradas","status":"publish","type":"page","link":"https:\/\/hooterscancun.com\/es\/menu\/entradas\/","title":{"rendered":"Entradas"},"content":{"rendered":"\t\t<div data-elementor-type=\"wp-page\" data-elementor-id=\"1836\" class=\"elementor elementor-1836 elementor-337\" data-elementor-post-type=\"page\">\n\t\t\t\t<div class=\"elementor-element elementor-element-ea45abc e-flex e-con-boxed e-con e-parent\" data-id=\"ea45abc\" data-element_type=\"container\" data-e-type=\"container\" data-settings=\"{&quot;background_background&quot;:&quot;video&quot;,&quot;background_video_link&quot;:&quot;https:\\\/\\\/youtu.be\\\/xuehuWG4BnI&quot;,&quot;background_video_end&quot;:0,&quot;background_play_on_mobile&quot;:&quot;yes&quot;}\">\n\t\t\t\t\t<div class=\"e-con-inner\">\n\t\t<div class=\"elementor-background-video-container\">\n\t\t\t\t\t\t\t<div class=\"elementor-background-video-embed\" role=\"presentation\"><\/div>\n\t\t\t\t\t\t<\/div>\t\t<div class=\"elementor-element elementor-element-027a326 elementor-widget elementor-widget-heading\" data-id=\"027a326\" data-element_type=\"widget\" data-e-type=\"widget\" data-settings=\"{&quot;motion_fx_motion_fx_scrolling&quot;:&quot;yes&quot;,&quot;motion_fx_translateY_effect&quot;:&quot;yes&quot;,&quot;motion_fx_translateY_direction&quot;:&quot;negative&quot;,&quot;motion_fx_translateY_speed&quot;:{&quot;unit&quot;:&quot;px&quot;,&quot;size&quot;:1,&quot;sizes&quot;:[]},&quot;motion_fx_translateY_affectedRange&quot;:{&quot;unit&quot;:&quot;%&quot;,&quot;size&quot;:&quot;&quot;,&quot;sizes&quot;:{&quot;start&quot;:20,&quot;end&quot;:85}},&quot;motion_fx_opacity_effect&quot;:&quot;yes&quot;,&quot;motion_fx_opacity_direction&quot;:&quot;in-out&quot;,&quot;motion_fx_opacity_level&quot;:{&quot;unit&quot;:&quot;px&quot;,&quot;size&quot;:7,&quot;sizes&quot;:[]},&quot;motion_fx_opacity_range&quot;:{&quot;unit&quot;:&quot;%&quot;,&quot;size&quot;:&quot;&quot;,&quot;sizes&quot;:{&quot;start&quot;:64,&quot;end&quot;:94}},&quot;motion_fx_blur_effect&quot;:&quot;yes&quot;,&quot;motion_fx_blur_direction&quot;:&quot;in-out&quot;,&quot;motion_fx_blur_range&quot;:{&quot;unit&quot;:&quot;%&quot;,&quot;size&quot;:&quot;&quot;,&quot;sizes&quot;:{&quot;start&quot;:68,&quot;end&quot;:92}},&quot;motion_fx_blur_level&quot;:{&quot;unit&quot;:&quot;px&quot;,&quot;size&quot;:7,&quot;sizes&quot;:[]},&quot;motion_fx_devices&quot;:[&quot;desktop&quot;,&quot;tablet&quot;,&quot;mobile&quot;]}\" data-widget_type=\"heading.default\">\n\t\t\t\t\t<h1 class=\"elementor-heading-title elementor-size-default\">Entradas<\/h1>\t\t\t\t<\/div>\n\t\t\t\t\t<\/div>\n\t\t\t\t<\/div>\n\t\t<div class=\"elementor-element elementor-element-c5f94ea e-grid e-con-boxed e-con e-parent\" data-id=\"c5f94ea\" data-element_type=\"container\" data-e-type=\"container\">\n\t\t\t\t\t<div class=\"e-con-inner\">\n\t\t<div class=\"elementor-element elementor-element-8033330 e-con-full e-flex e-con e-child\" data-id=\"8033330\" data-element_type=\"container\" data-e-type=\"container\">\n\t\t\t\t<div class=\"elementor-element elementor-element-2c770a8 elementor-widget elementor-widget-image\" data-id=\"2c770a8\" data-element_type=\"widget\" data-e-type=\"widget\" data-widget_type=\"image.default\">\n\t\t\t\t\t\t\t\t\t\t\t\t\t\t\t<img fetchpriority=\"high\" decoding=\"async\" width=\"500\" height=\"500\" src=\"https:\/\/hooterscancun.com\/wp-content\/uploads\/2024\/10\/ENTRADAS_NACHO-CAMACHO_500X500.webp\" class=\"attachment-large size-large wp-image-1053\" alt=\"Entradas - Nacho Camacho - Hooters Canc\u00fan\" srcset=\"https:\/\/hooterscancun.com\/wp-content\/uploads\/2024\/10\/ENTRADAS_NACHO-CAMACHO_500X500.webp 500w, https:\/\/hooterscancun.com\/wp-content\/uploads\/2024\/10\/ENTRADAS_NACHO-CAMACHO_500X500-300x300.webp 300w, https:\/\/hooterscancun.com\/wp-content\/uploads\/2024\/10\/ENTRADAS_NACHO-CAMACHO_500X500-150x150.webp 150w\" sizes=\"(max-width: 500px) 100vw, 500px\" \/>\t\t\t\t\t\t\t\t\t\t\t\t\t\t\t<\/div>\n\t\t\t\t<div class=\"elementor-element elementor-element-fc6a08a elementor-widget elementor-widget-heading\" data-id=\"fc6a08a\" data-element_type=\"widget\" data-e-type=\"widget\" data-widget_type=\"heading.default\">\n\t\t\t\t\t<h3 class=\"elementor-heading-title elementor-size-default\">NACHO CAMACHO<\/h3>\t\t\t\t<\/div>\n\t\t\t\t<div class=\"elementor-element elementor-element-85aadca elementor-widget elementor-widget-text-editor\" data-id=\"85aadca\" data-element_type=\"widget\" data-e-type=\"widget\" data-widget_type=\"text-editor.default\">\n\t\t\t\t\t\t\t\t\t<h3><b>$279<\/b><\/h3>\n<p><span style=\"font-weight: 400;\">\u00a1Que Nachos! Totopos de ma\u00edz con bastante queso, chili con carne, salsa de frijol, jitomate, cebolla cambray, jalape\u00f1o y guacamole.<\/span><\/p>\n\t\t\t\t\t\t\t\t<\/div>\n\t\t\t\t<\/div>\n\t\t<div class=\"elementor-element elementor-element-2d64d0a e-con-full e-flex e-con e-child\" data-id=\"2d64d0a\" data-element_type=\"container\" data-e-type=\"container\">\n\t\t\t\t<div class=\"elementor-element elementor-element-2f1a6ef elementor-widget elementor-widget-image\" data-id=\"2f1a6ef\" data-element_type=\"widget\" data-e-type=\"widget\" data-widget_type=\"image.default\">\n\t\t\t\t\t\t\t\t\t\t\t\t\t\t\t<img decoding=\"async\" width=\"500\" height=\"500\" src=\"https:\/\/hooterscancun.com\/wp-content\/uploads\/2024\/10\/ENTRADAS_BUFFALO-SHRIMP_500X500.webp\" class=\"attachment-large size-large wp-image-1042\" alt=\"Entradas - Buffalo Shrimp - Hooters Canc\u00fan\" srcset=\"https:\/\/hooterscancun.com\/wp-content\/uploads\/2024\/10\/ENTRADAS_BUFFALO-SHRIMP_500X500.webp 500w, https:\/\/hooterscancun.com\/wp-content\/uploads\/2024\/10\/ENTRADAS_BUFFALO-SHRIMP_500X500-300x300.webp 300w, https:\/\/hooterscancun.com\/wp-content\/uploads\/2024\/10\/ENTRADAS_BUFFALO-SHRIMP_500X500-150x150.webp 150w\" sizes=\"(max-width: 500px) 100vw, 500px\" \/>\t\t\t\t\t\t\t\t\t\t\t\t\t\t\t<\/div>\n\t\t\t\t<div class=\"elementor-element elementor-element-8caef71 elementor-widget elementor-widget-heading\" data-id=\"8caef71\" data-element_type=\"widget\" data-e-type=\"widget\" data-widget_type=\"heading.default\">\n\t\t\t\t\t<h3 class=\"elementor-heading-title elementor-size-default\">HOOTERS ORIGINAL BUFFALO SHRIMP <\/h3>\t\t\t\t<\/div>\n\t\t\t\t<div class=\"elementor-element elementor-element-ab9f061 elementor-widget elementor-widget-text-editor\" data-id=\"ab9f061\" data-element_type=\"widget\" data-e-type=\"widget\" data-widget_type=\"text-editor.default\">\n\t\t\t\t\t\t\t\t\t<h3><span style=\"font-weight: 400;\">12 pzas (170 g.) $344<br \/><\/span><span style=\"font-weight: 400;\">24 pzas (340 g.) $524<\/span><\/h3>\n<p><span style=\"font-weight: 400;\">Los originales desde nuestro comienzo. Camarones empanizados abiertos en mariposa y cubiertos con nuestra famosa wing sauce.<\/span><\/p>\n\t\t\t\t\t\t\t\t<\/div>\n\t\t\t\t<\/div>\n\t\t<div class=\"elementor-element elementor-element-e8c2c36 e-con-full e-flex e-con e-child\" data-id=\"e8c2c36\" data-element_type=\"container\" data-e-type=\"container\">\n\t\t\t\t<div class=\"elementor-element elementor-element-25577ec elementor-widget elementor-widget-image\" data-id=\"25577ec\" data-element_type=\"widget\" data-e-type=\"widget\" data-widget_type=\"image.default\">\n\t\t\t\t\t\t\t\t\t\t\t\t\t\t\t<img decoding=\"async\" width=\"500\" height=\"500\" src=\"https:\/\/hooterscancun.com\/wp-content\/uploads\/2024\/10\/ENTRADAS_SLIDERS-MIXTAS_500X500.webp\" class=\"attachment-large size-large wp-image-1056\" alt=\"Entradas - Sliders - Hooters Canc\u00fan\" srcset=\"https:\/\/hooterscancun.com\/wp-content\/uploads\/2024\/10\/ENTRADAS_SLIDERS-MIXTAS_500X500.webp 500w, https:\/\/hooterscancun.com\/wp-content\/uploads\/2024\/10\/ENTRADAS_SLIDERS-MIXTAS_500X500-300x300.webp 300w, https:\/\/hooterscancun.com\/wp-content\/uploads\/2024\/10\/ENTRADAS_SLIDERS-MIXTAS_500X500-150x150.webp 150w\" sizes=\"(max-width: 500px) 100vw, 500px\" \/>\t\t\t\t\t\t\t\t\t\t\t\t\t\t\t<\/div>\n\t\t\t\t<div class=\"elementor-element elementor-element-485c9b0 elementor-widget elementor-widget-heading\" data-id=\"485c9b0\" data-element_type=\"widget\" data-e-type=\"widget\" data-widget_type=\"heading.default\">\n\t\t\t\t\t<h3 class=\"elementor-heading-title elementor-size-default\">SLIDERS<\/h3>\t\t\t\t<\/div>\n\t\t\t\t<div class=\"elementor-element elementor-element-813f73d elementor-widget elementor-widget-text-editor\" data-id=\"813f73d\" data-element_type=\"widget\" data-e-type=\"widget\" data-widget_type=\"text-editor.default\">\n\t\t\t\t\t\t\t\t\t<h3><b>$292<\/b><\/h3>\n<p><span style=\"font-weight: 400;\">(225 g.) <\/span>4 Hamburguesas miniatura de res o de pollo: Carne de res con queso, pepinillos y mostaza. Pollo empanizado con tu salsa wings favorita. Si no te decides, elige 2 de cada una. Las servimos con curly fries.   <\/p>\n\t\t\t\t\t\t\t\t<\/div>\n\t\t\t\t<\/div>\n\t\t<div class=\"elementor-element elementor-element-aedf467 e-con-full e-flex e-con e-child\" data-id=\"aedf467\" data-element_type=\"container\" data-e-type=\"container\">\n\t\t\t\t<div class=\"elementor-element elementor-element-d9bb218 elementor-widget elementor-widget-image\" data-id=\"d9bb218\" data-element_type=\"widget\" data-e-type=\"widget\" data-widget_type=\"image.default\">\n\t\t\t\t\t\t\t\t\t\t\t\t\t\t\t<img loading=\"lazy\" decoding=\"async\" width=\"500\" height=\"500\" src=\"https:\/\/hooterscancun.com\/wp-content\/uploads\/2024\/10\/ENTRADAS_LOTSATOTS_500X500.webp\" class=\"attachment-large size-large wp-image-1048\" alt=\"Entradas - Lots a tots - Hooters Canc\u00fan\" srcset=\"https:\/\/hooterscancun.com\/wp-content\/uploads\/2024\/10\/ENTRADAS_LOTSATOTS_500X500.webp 500w, https:\/\/hooterscancun.com\/wp-content\/uploads\/2024\/10\/ENTRADAS_LOTSATOTS_500X500-300x300.webp 300w, https:\/\/hooterscancun.com\/wp-content\/uploads\/2024\/10\/ENTRADAS_LOTSATOTS_500X500-150x150.webp 150w\" sizes=\"(max-width: 500px) 100vw, 500px\" \/>\t\t\t\t\t\t\t\t\t\t\t\t\t\t\t<\/div>\n\t\t\t\t<div class=\"elementor-element elementor-element-23b828a elementor-widget elementor-widget-heading\" data-id=\"23b828a\" data-element_type=\"widget\" data-e-type=\"widget\" data-widget_type=\"heading.default\">\n\t\t\t\t\t<h3 class=\"elementor-heading-title elementor-size-default\">LOTS A TOTS<\/h3>\t\t\t\t<\/div>\n\t\t\t\t<div class=\"elementor-element elementor-element-4e26316 elementor-widget elementor-widget-text-editor\" data-id=\"4e26316\" data-element_type=\"widget\" data-e-type=\"widget\" data-widget_type=\"text-editor.default\">\n\t\t\t\t\t\t\t\t\t<h3><b>$209<\/b><\/h3>\n<p><span style=\"font-weight: 400;\">(340 g.) <\/span>Bolitas de papa cubiertas con salsa de queso, tocino, crema \u00e1cida y ceboll\u00edn picado.<\/p>\n\t\t\t\t\t\t\t\t<\/div>\n\t\t\t\t<\/div>\n\t\t<div class=\"elementor-element elementor-element-79844b4 e-con-full e-flex e-con e-child\" data-id=\"79844b4\" data-element_type=\"container\" data-e-type=\"container\">\n\t\t\t\t<div class=\"elementor-element elementor-element-8eca1cc elementor-widget elementor-widget-image\" data-id=\"8eca1cc\" data-element_type=\"widget\" data-e-type=\"widget\" data-widget_type=\"image.default\">\n\t\t\t\t\t\t\t\t\t\t\t\t\t\t\t<img loading=\"lazy\" decoding=\"async\" width=\"500\" height=\"500\" src=\"https:\/\/hooterscancun.com\/wp-content\/uploads\/2024\/10\/ENTRADAS_FRIED-PICKLES_500X500.webp\" class=\"attachment-large size-large wp-image-1046\" alt=\"Entradas - Frief Pickles - Hooters Canc\u00fan\" srcset=\"https:\/\/hooterscancun.com\/wp-content\/uploads\/2024\/10\/ENTRADAS_FRIED-PICKLES_500X500.webp 500w, https:\/\/hooterscancun.com\/wp-content\/uploads\/2024\/10\/ENTRADAS_FRIED-PICKLES_500X500-300x300.webp 300w, https:\/\/hooterscancun.com\/wp-content\/uploads\/2024\/10\/ENTRADAS_FRIED-PICKLES_500X500-150x150.webp 150w\" sizes=\"(max-width: 500px) 100vw, 500px\" \/>\t\t\t\t\t\t\t\t\t\t\t\t\t\t\t<\/div>\n\t\t\t\t<div class=\"elementor-element elementor-element-b6e9188 elementor-widget elementor-widget-heading\" data-id=\"b6e9188\" data-element_type=\"widget\" data-e-type=\"widget\" data-widget_type=\"heading.default\">\n\t\t\t\t\t<h3 class=\"elementor-heading-title elementor-size-default\">FRIED PICKLES<\/h3>\t\t\t\t<\/div>\n\t\t\t\t<div class=\"elementor-element elementor-element-a43b2f3 elementor-widget elementor-widget-text-editor\" data-id=\"a43b2f3\" data-element_type=\"widget\" data-e-type=\"widget\" data-widget_type=\"text-editor.default\">\n\t\t\t\t\t\t\t\t\t<h3><b>$169<\/b><\/h3>\n<p><span style=\"font-weight: 400;\">(225 g.) <\/span><span style=\"font-weight: 400;\">\u00a1De Texas para Canc\u00fan! Pepinillos rebanados ligeramente empanizados y acompa\u00f1ados con aderezo especial. <\/span><\/p>\n\t\t\t\t\t\t\t\t<\/div>\n\t\t\t\t<\/div>\n\t\t<div class=\"elementor-element elementor-element-c6c548e e-con-full e-flex e-con e-child\" data-id=\"c6c548e\" data-element_type=\"container\" data-e-type=\"container\">\n\t\t\t\t<div class=\"elementor-element elementor-element-abd9caf elementor-widget elementor-widget-image\" data-id=\"abd9caf\" data-element_type=\"widget\" data-e-type=\"widget\" data-widget_type=\"image.default\">\n\t\t\t\t\t\t\t\t\t\t\t\t\t\t\t<img loading=\"lazy\" decoding=\"async\" width=\"500\" height=\"500\" src=\"https:\/\/hooterscancun.com\/wp-content\/uploads\/2024\/10\/ENTRADAS_DEDOS-DE-QUESO_500X500.webp\" class=\"attachment-large size-large wp-image-1044\" alt=\"Entradas - Dedos de queso - Hooters Canc\u00fan\" srcset=\"https:\/\/hooterscancun.com\/wp-content\/uploads\/2024\/10\/ENTRADAS_DEDOS-DE-QUESO_500X500.webp 500w, https:\/\/hooterscancun.com\/wp-content\/uploads\/2024\/10\/ENTRADAS_DEDOS-DE-QUESO_500X500-300x300.webp 300w, https:\/\/hooterscancun.com\/wp-content\/uploads\/2024\/10\/ENTRADAS_DEDOS-DE-QUESO_500X500-150x150.webp 150w\" sizes=\"(max-width: 500px) 100vw, 500px\" \/>\t\t\t\t\t\t\t\t\t\t\t\t\t\t\t<\/div>\n\t\t\t\t<div class=\"elementor-element elementor-element-b63f77b elementor-widget elementor-widget-heading\" data-id=\"b63f77b\" data-element_type=\"widget\" data-e-type=\"widget\" data-widget_type=\"heading.default\">\n\t\t\t\t\t<h3 class=\"elementor-heading-title elementor-size-default\">CHEESE STICKS<\/h3>\t\t\t\t<\/div>\n\t\t\t\t<div class=\"elementor-element elementor-element-d8e9758 elementor-widget elementor-widget-text-editor\" data-id=\"d8e9758\" data-element_type=\"widget\" data-e-type=\"widget\" data-widget_type=\"text-editor.default\">\n\t\t\t\t\t\t\t\t\t<h3><b>$209<\/b><\/h3>\n<p><span style=\"font-weight: 400;\">(210 g.) <\/span>Dedos de queso mozzarella empanizados y acompa\u00f1ados con salsa marinara.<\/p>\n\t\t\t\t\t\t\t\t<\/div>\n\t\t\t\t<\/div>\n\t\t<div class=\"elementor-element elementor-element-3cd5162 e-con-full e-flex e-con e-child\" data-id=\"3cd5162\" data-element_type=\"container\" data-e-type=\"container\">\n\t\t\t\t<div class=\"elementor-element elementor-element-cb667af elementor-widget elementor-widget-image\" data-id=\"cb667af\" data-element_type=\"widget\" data-e-type=\"widget\" data-widget_type=\"image.default\">\n\t\t\t\t\t\t\t\t\t\t\t\t\t\t\t<img loading=\"lazy\" decoding=\"async\" width=\"500\" height=\"500\" src=\"https:\/\/hooterscancun.com\/wp-content\/uploads\/2024\/10\/ENTRADAS_BUFFALO-PLATTER_500X500.webp\" class=\"attachment-large size-large wp-image-1041\" alt=\"Entradas - Buffalo Platter - Hooters Canc\u00fan\" srcset=\"https:\/\/hooterscancun.com\/wp-content\/uploads\/2024\/10\/ENTRADAS_BUFFALO-PLATTER_500X500.webp 500w, https:\/\/hooterscancun.com\/wp-content\/uploads\/2024\/10\/ENTRADAS_BUFFALO-PLATTER_500X500-300x300.webp 300w, https:\/\/hooterscancun.com\/wp-content\/uploads\/2024\/10\/ENTRADAS_BUFFALO-PLATTER_500X500-150x150.webp 150w\" sizes=\"(max-width: 500px) 100vw, 500px\" \/>\t\t\t\t\t\t\t\t\t\t\t\t\t\t\t<\/div>\n\t\t\t\t<div class=\"elementor-element elementor-element-7dfce71 elementor-widget elementor-widget-heading\" data-id=\"7dfce71\" data-element_type=\"widget\" data-e-type=\"widget\" data-widget_type=\"heading.default\">\n\t\t\t\t\t<h3 class=\"elementor-heading-title elementor-size-default\">HOOTERS ORIGINAL BUFFALO PLATTER<\/h3>\t\t\t\t<\/div>\n\t\t\t\t<div class=\"elementor-element elementor-element-9f7c225 elementor-widget elementor-widget-text-editor\" data-id=\"9f7c225\" data-element_type=\"widget\" data-e-type=\"widget\" data-widget_type=\"text-editor.default\">\n\t\t\t\t\t\t\t\t\t<h3><b>$454<\/b><\/h3>\n<p><span style=\"font-weight: 400;\">Ordena uno para la mesa. Combinaci\u00f3n de nuestros mejores \u00e9xitos: Chicken Wings (340g), Buffalo Shrimp (85 g) y Boneless Wings (198 g). Escoge la salsa de wings y aderezo que m\u00e1s te guste.  <\/span><\/p>\n\t\t\t\t\t\t\t\t<\/div>\n\t\t\t\t<\/div>\n\t\t<div class=\"elementor-element elementor-element-a847013 e-con-full e-flex e-con e-child\" data-id=\"a847013\" data-element_type=\"container\" data-e-type=\"container\">\n\t\t\t\t<div class=\"elementor-element elementor-element-687860d elementor-widget elementor-widget-image\" data-id=\"687860d\" data-element_type=\"widget\" data-e-type=\"widget\" data-widget_type=\"image.default\">\n\t\t\t\t\t\t\t\t\t\t\t\t\t\t\t<img loading=\"lazy\" decoding=\"async\" width=\"500\" height=\"500\" src=\"https:\/\/hooterscancun.com\/wp-content\/uploads\/2024\/10\/ENTRADAS_GUACAMOLE_500X500.webp\" class=\"attachment-large size-large wp-image-1047\" alt=\"\" srcset=\"https:\/\/hooterscancun.com\/wp-content\/uploads\/2024\/10\/ENTRADAS_GUACAMOLE_500X500.webp 500w, https:\/\/hooterscancun.com\/wp-content\/uploads\/2024\/10\/ENTRADAS_GUACAMOLE_500X500-300x300.webp 300w, https:\/\/hooterscancun.com\/wp-content\/uploads\/2024\/10\/ENTRADAS_GUACAMOLE_500X500-150x150.webp 150w\" sizes=\"(max-width: 500px) 100vw, 500px\" \/>\t\t\t\t\t\t\t\t\t\t\t\t\t\t\t<\/div>\n\t\t\t\t<div class=\"elementor-element elementor-element-c76eee0 elementor-widget elementor-widget-heading\" data-id=\"c76eee0\" data-element_type=\"widget\" data-e-type=\"widget\" data-widget_type=\"heading.default\">\n\t\t\t\t\t<h3 class=\"elementor-heading-title elementor-size-default\">GUACAMOLE <\/h3>\t\t\t\t<\/div>\n\t\t\t\t<div class=\"elementor-element elementor-element-3b5dbf2 elementor-widget elementor-widget-text-editor\" data-id=\"3b5dbf2\" data-element_type=\"widget\" data-e-type=\"widget\" data-widget_type=\"text-editor.default\">\n\t\t\t\t\t\t\t\t\t<h3><b>$204<\/b><\/h3>\n<p><span style=\"font-weight: 400;\">(264 g.) <\/span>Preparado fresco en casa, es perfecto para empezar.<\/p>\n\t\t\t\t\t\t\t\t<\/div>\n\t\t\t\t<\/div>\n\t\t<div class=\"elementor-element elementor-element-d378530 e-con-full e-flex e-con e-child\" data-id=\"d378530\" data-element_type=\"container\" data-e-type=\"container\">\n\t\t\t\t<div class=\"elementor-element elementor-element-02c5597 elementor-widget elementor-widget-image\" data-id=\"02c5597\" data-element_type=\"widget\" data-e-type=\"widget\" data-widget_type=\"image.default\">\n\t\t\t\t\t\t\t\t\t\t\t\t\t\t\t<img loading=\"lazy\" decoding=\"async\" width=\"500\" height=\"500\" src=\"https:\/\/hooterscancun.com\/wp-content\/uploads\/2024\/10\/ENTRADAS_ONION-RINGS_500X500.webp\" class=\"attachment-large size-large wp-image-1054\" alt=\"Entradas - Onions Rings - Hooters Canc\u00fan\" srcset=\"https:\/\/hooterscancun.com\/wp-content\/uploads\/2024\/10\/ENTRADAS_ONION-RINGS_500X500.webp 500w, https:\/\/hooterscancun.com\/wp-content\/uploads\/2024\/10\/ENTRADAS_ONION-RINGS_500X500-300x300.webp 300w, https:\/\/hooterscancun.com\/wp-content\/uploads\/2024\/10\/ENTRADAS_ONION-RINGS_500X500-150x150.webp 150w\" sizes=\"(max-width: 500px) 100vw, 500px\" \/>\t\t\t\t\t\t\t\t\t\t\t\t\t\t\t<\/div>\n\t\t\t\t<div class=\"elementor-element elementor-element-83d8f0a elementor-widget elementor-widget-heading\" data-id=\"83d8f0a\" data-element_type=\"widget\" data-e-type=\"widget\" data-widget_type=\"heading.default\">\n\t\t\t\t\t<h3 class=\"elementor-heading-title elementor-size-default\">ONION RINGS<\/h3>\t\t\t\t<\/div>\n\t\t\t\t<div class=\"elementor-element elementor-element-6cd371d elementor-widget elementor-widget-text-editor\" data-id=\"6cd371d\" data-element_type=\"widget\" data-e-type=\"widget\" data-widget_type=\"text-editor.default\">\n\t\t\t\t\t\t\t\t\t<h3><b>$224<\/b><\/h3>\n<p>(210 g.) Aros de cebolla empanizados y acompa\u00f1ados con aderezo especial. <\/p>\n\t\t\t\t\t\t\t\t<\/div>\n\t\t\t\t<\/div>\n\t\t<div class=\"elementor-element elementor-element-9f78549 e-con-full e-flex e-con e-child\" data-id=\"9f78549\" data-element_type=\"container\" data-e-type=\"container\">\n\t\t\t\t<div class=\"elementor-element elementor-element-a9235ec elementor-cta--skin-cover elementor-widget elementor-widget-call-to-action\" data-id=\"a9235ec\" data-element_type=\"widget\" data-e-type=\"widget\" data-widget_type=\"call-to-action.default\">\n\t\t\t\t\t\t\t<div class=\"elementor-cta\">\n\t\t\t\t\t<div class=\"elementor-cta__bg-wrapper\">\n\t\t\t\t<div class=\"elementor-cta__bg elementor-bg\" style=\"background-image: url(https:\/\/hooterscancun.com\/wp-content\/uploads\/2024\/10\/ENTRADAS_FRIED-CALAMARI_500X500.webp);\" role=\"img\" aria-label=\"Entradas - Fried Calamari - Hooters Canc\u00fan\"><\/div>\n\t\t\t\t<div class=\"elementor-cta__bg-overlay\"><\/div>\n\t\t\t<\/div>\n\t\t\t\t\t\t\t<div class=\"elementor-cta__content\">\n\t\t\t\t\n\t\t\t\t\n\t\t\t\t\n\t\t\t\t\t\t\t<\/div>\n\t\t\t\t\t\t\t<div class=\"elementor-ribbon\">\n\t\t\t\t<div class=\"elementor-ribbon-inner\">\n\t\t\t\t\t\u00a1Nuevo!\t\t\t\t<\/div>\n\t\t\t<\/div>\n\t\t\t\t<\/div>\n\t\t\t\t\t\t<\/div>\n\t\t\t\t<div class=\"elementor-element elementor-element-c9672bd elementor-widget elementor-widget-heading\" data-id=\"c9672bd\" data-element_type=\"widget\" data-e-type=\"widget\" data-widget_type=\"heading.default\">\n\t\t\t\t\t<h3 class=\"elementor-heading-title elementor-size-default\">FRIED CALAMARI<\/h3>\t\t\t\t<\/div>\n\t\t\t\t<div class=\"elementor-element elementor-element-08ea0ef elementor-widget elementor-widget-text-editor\" data-id=\"08ea0ef\" data-element_type=\"widget\" data-e-type=\"widget\" data-widget_type=\"text-editor.default\">\n\t\t\t\t\t\t\t\t\t<h3><b>$249 <\/b><\/h3>\n<p><span style=\"font-weight: 400;\">(280 g.) <\/span>Cl\u00e1sicos calamares fritos, acompa\u00f1ados de salsa marinara y lima. \u00a1Un gran entrem\u00e9s! <\/p>\n\t\t\t\t\t\t\t\t<\/div>\n\t\t\t\t<\/div>\n\t\t\t\t\t<\/div>\n\t\t\t\t<\/div>\n\t\t<div class=\"elementor-element elementor-element-019890b e-flex e-con-boxed e-con e-child\" data-id=\"019890b\" data-element_type=\"container\" data-e-type=\"container\">\n\t\t\t\t\t<div class=\"e-con-inner\">\n\t\t\t\t<div class=\"elementor-element elementor-element-ec9eff3 elementor-widget__width-initial elementor-widget elementor-widget-text-editor\" data-id=\"ec9eff3\" data-element_type=\"widget\" data-e-type=\"widget\" data-widget_type=\"text-editor.default\">\n\t\t\t\t\t\t\t\t\t<p><span style=\"font-weight: 400;\">*Los pesos de las prote\u00edna son antes de cocci\u00f3n, los cuales pueden variar seg\u00fan el tiempo termino de su elecci\u00f3n. Nuestras hamburguesas y carnes pueden ser cocinados a su elecci\u00f3n, las carnes crudas o poco cocidas, como el cerdo, pescado, mariscos o huevos frescos pueden aumentar el riesgo de enfermedad causada por alimentos, sobretodo si usted tiene ciertas condiciones medicas. <\/span><\/p>\n\t\t\t\t\t\t\t\t<\/div>\n\t\t\t\t<div class=\"elementor-element elementor-element-d0d4614 elementor-align-center elementor-invisible elementor-widget elementor-widget-button\" data-id=\"d0d4614\" data-element_type=\"widget\" data-e-type=\"widget\" data-settings=\"{&quot;_animation&quot;:&quot;bounceIn&quot;}\" data-widget_type=\"button.default\">\n\t\t\t\t\t\t\t\t\t\t<a class=\"elementor-button elementor-button-link elementor-size-sm\" href=\"https:\/\/hooterscancun.com\/es\/menu\/\">\n\t\t\t\t\t\t<span class=\"elementor-button-content-wrapper\">\n\t\t\t\t\t\t\t\t\t<span class=\"elementor-button-text\">Regresar al Men\u00fa<\/span>\n\t\t\t\t\t<\/span>\n\t\t\t\t\t<\/a>\n\t\t\t\t\t\t\t\t<\/div>\n\t\t\t\t\t<\/div>\n\t\t\t\t<\/div>\n\t\t\t\t<\/div>\n\t\t","protected":false},"excerpt":{"rendered":"<p>Entradas NACHO CAMACHO $279 \u00a1Que Nachos! Totopos de ma\u00edz con bastante queso, chili con carne, salsa de frijol, jitomate, cebolla cambray, jalape\u00f1o y guacamole. HOOTERS ORIGINAL BUFFALO SHRIMP 12 pzas (170 g.) $34424 pzas (340 g.) $524 Los originales desde nuestro comienzo. Camarones empanizados abiertos en mariposa y cubiertos con nuestra famosa wing sauce. SLIDERS [&hellip;]<\/p>\n","protected":false},"author":1,"featured_media":0,"parent":2036,"menu_order":0,"comment_status":"closed","ping_status":"closed","template":"elementor_header_footer","meta":{"footnotes":""},"class_list":["post-1836","page","type-page","status-publish","hentry"],"aioseo_notices":[],"_links":{"self":[{"href":"https:\/\/hooterscancun.com\/es\/wp-json\/wp\/v2\/pages\/1836","targetHints":{"allow":["GET"]}}],"collection":[{"href":"https:\/\/hooterscancun.com\/es\/wp-json\/wp\/v2\/pages"}],"about":[{"href":"https:\/\/hooterscancun.com\/es\/wp-json\/wp\/v2\/types\/page"}],"author":[{"embeddable":true,"href":"https:\/\/hooterscancun.com\/es\/wp-json\/wp\/v2\/users\/1"}],"replies":[{"embeddable":true,"href":"https:\/\/hooterscancun.com\/es\/wp-json\/wp\/v2\/comments?post=1836"}],"version-history":[{"count":20,"href":"https:\/\/hooterscancun.com\/es\/wp-json\/wp\/v2\/pages\/1836\/revisions"}],"predecessor-version":[{"id":3480,"href":"https:\/\/hooterscancun.com\/es\/wp-json\/wp\/v2\/pages\/1836\/revisions\/3480"}],"up":[{"embeddable":true,"href":"https:\/\/hooterscancun.com\/es\/wp-json\/wp\/v2\/pages\/2036"}],"wp:attachment":[{"href":"https:\/\/hooterscancun.com\/es\/wp-json\/wp\/v2\/media?parent=1836"}],"curies":[{"name":"wp","href":"https:\/\/api.w.org\/{rel}","templated":true}]}}